{"id":2092,"date":"2024-10-10T16:50:25","date_gmt":"2024-10-10T16:50:25","guid":{"rendered":"https:\/\/axionalerp.wpenginepowered.com\/?page_id=2092"},"modified":"2025-06-24T19:32:48","modified_gmt":"2025-06-24T19:32:48","slug":"ax-mantenimiento","status":"publish","type":"page","link":"https:\/\/axional.net\/ca\/ax-mantenimiento\/","title":{"rendered":"Ax-Mantenimiento"},"content":{"rendered":"<style>.elementor-2092 .elementor-element.elementor-element-1e4dc854{--display:flex;--flex-direction:column;--container-widget-width:calc( ( 1 - var( --container-widget-flex-grow ) ) * 100% );--container-widget-height:initial;--container-widget-flex-grow:0;--container-widget-align-self:initial;--flex-wrap-mobile:wrap;--justify-content:center;--align-items:center;--gap:60px 0px;--row-gap:60px;--column-gap:0px;--margin-top:0px;--margin-bottom:0px;--margin-left:0px;--margin-right:0px;--padding-top:280px;--padding-bottom:180px;--padding-left:0px;--padding-right:0px;}.elementor-2092 .elementor-element.elementor-element-1e4dc854:not(.elementor-motion-effects-element-type-background), .elementor-2092 .elementor-element.elementor-element-1e4dc854 > .elementor-motion-effects-container > .elementor-motion-effects-layer{background-color:#FFFFFF;}.elementor-2092 .elementor-element.elementor-element-9d06a28{--display:flex;--flex-direction:row;--container-widget-width:initial;--container-widget-height:100%;--container-widget-flex-grow:1;--container-widget-align-self:stretch;--flex-wrap-mobile:wrap;--gap:0px 40px;--row-gap:0px;--column-gap:40px;--margin-top:0px;--margin-bottom:0px;--margin-left:0px;--margin-right:0px;--padding-top:0px;--padding-bottom:0px;--padding-left:0px;--padding-right:0px;}.elementor-2092 .elementor-element.elementor-element-7fdfb4a2{--display:flex;--gap:0px 0px;--row-gap:0px;--column-gap:0px;--margin-top:0px;--margin-bottom:0px;--margin-left:0px;--margin-right:0px;--padding-top:0px;--padding-bottom:0px;--padding-left:0px;--padding-right:0px;}.elementor-2092 .elementor-element.elementor-element-20d09073{--display:flex;--gap:0px 0px;--row-gap:0px;--column-gap:0px;--margin-top:0px;--margin-bottom:0px;--margin-left:0px;--margin-right:0px;--padding-top:0px;--padding-bottom:0px;--padding-left:0px;--padding-right:0px;}.elementor-2092 .elementor-element.elementor-element-5e678544{--display:flex;--gap:0px 0px;--row-gap:0px;--column-gap:0px;--margin-top:0px;--margin-bottom:0px;--margin-left:0px;--margin-right:0px;--padding-top:0px;--padding-bottom:0px;--padding-left:0px;--padding-right:0px;}.elementor-2092 .elementor-element.elementor-element-1c912865 .elementor-heading-title{font-family:\"ax_inter_light\", Sans-serif;font-size:80px;font-weight:300;line-height:88px;}.elementor-2092 .elementor-element.elementor-element-1c912865 > .elementor-widget-container{padding:0px 0px 030px 0px;}.elementor-2092 .elementor-element.elementor-element-1845538a{--display:flex;--gap:0px 0px;--row-gap:0px;--column-gap:0px;--margin-top:0px;--margin-bottom:0px;--margin-left:0px;--margin-right:0px;--padding-top:0px;--padding-bottom:0px;--padding-left:0px;--padding-right:0px;}.elementor-2092 .elementor-element.elementor-element-8935123 img{width:100%;}.elementor-2092 .elementor-element.elementor-element-798ebf3e{--display:flex;--flex-direction:row;--container-widget-width:initial;--container-widget-height:100%;--container-widget-flex-grow:1;--container-widget-align-self:stretch;--flex-wrap-mobile:wrap;--gap:0px 40px;--row-gap:0px;--column-gap:40px;--margin-top:0px;--margin-bottom:0px;--margin-left:0px;--margin-right:0px;--padding-top:0px;--padding-bottom:0px;--padding-left:0px;--padding-right:0px;}.elementor-2092 .elementor-element.elementor-element-2088143c{--display:flex;--gap:0px 0px;--row-gap:0px;--column-gap:0px;--margin-top:0px;--margin-bottom:0px;--margin-left:0px;--margin-right:0px;--padding-top:0px;--padding-bottom:0px;--padding-left:0px;--padding-right:0px;}.elementor-2092 .elementor-element.elementor-element-4ed38f5b{--display:flex;--min-height:110px;--gap:0px 0px;--row-gap:0px;--column-gap:0px;--margin-top:0px;--margin-bottom:0px;--margin-left:0px;--margin-right:0px;--padding-top:10px;--padding-bottom:0px;--padding-left:0px;--padding-right:0px;}.elementor-2092 .elementor-element.elementor-element-703cc374 .elementor-heading-title{font-family:\"ax_inter_light\", Sans-serif;font-size:35px;font-weight:300;line-height:38px;}.elementor-2092 .elementor-element.elementor-element-49f0622b{--display:flex;--gap:0px 0px;--row-gap:0px;--column-gap:0px;--margin-top:0px;--margin-bottom:0px;--margin-left:0px;--margin-right:0px;--padding-top:0px;--padding-bottom:0px;--padding-left:0px;--padding-right:0px;}.elementor-2092 .elementor-element.elementor-element-3dcdf4f2{font-family:\"ax_inter_light\", Sans-serif;font-size:18px;font-weight:300;line-height:26px;}.elementor-2092 .elementor-element.elementor-element-5cb90ae8{--display:flex;--gap:0px 0px;--row-gap:0px;--column-gap:0px;--margin-top:0px;--margin-bottom:0px;--margin-left:0px;--margin-right:0px;--padding-top:0px;--padding-bottom:0px;--padding-left:0px;--padding-right:0px;}.elementor-2092 .elementor-element.elementor-element-33bc473c{--display:flex;--min-height:110px;--gap:0px 0px;--row-gap:0px;--column-gap:0px;--margin-top:0px;--margin-bottom:0px;--margin-left:0px;--margin-right:0px;--padding-top:10px;--padding-bottom:0px;--padding-left:0px;--padding-right:0px;}.elementor-2092 .elementor-element.elementor-element-55943ea1 .elementor-heading-title{font-family:\"ax_inter_light\", Sans-serif;font-size:35px;font-weight:300;line-height:38px;}.elementor-2092 .elementor-element.elementor-element-1c92a537{--display:flex;--gap:0px 0px;--row-gap:0px;--column-gap:0px;--margin-top:0px;--margin-bottom:0px;--margin-left:0px;--margin-right:0px;--padding-top:0px;--padding-bottom:0px;--padding-left:0px;--padding-right:0px;}.elementor-2092 .elementor-element.elementor-element-454bec96{font-family:\"ax_inter_light\", Sans-serif;font-size:18px;font-weight:300;line-height:26px;}.elementor-2092 .elementor-element.elementor-element-658970e{--display:flex;--gap:0px 0px;--row-gap:0px;--column-gap:0px;--margin-top:0px;--margin-bottom:0px;--margin-left:0px;--margin-right:0px;--padding-top:0px;--padding-bottom:0px;--padding-left:0px;--padding-right:0px;}.elementor-2092 .elementor-element.elementor-element-30997343{--display:flex;--min-height:110px;--gap:0px 0px;--row-gap:0px;--column-gap:0px;--margin-top:0px;--margin-bottom:0px;--margin-left:0px;--margin-right:0px;--padding-top:10px;--padding-bottom:0px;--padding-left:0px;--padding-right:0px;}.elementor-2092 .elementor-element.elementor-element-2724a6f8 .elementor-heading-title{font-family:\"ax_inter_light\", Sans-serif;font-size:35px;font-weight:300;line-height:38px;}.elementor-2092 .elementor-element.elementor-element-27ae83aa{--display:flex;--gap:0px 0px;--row-gap:0px;--column-gap:0px;--margin-top:0px;--margin-bottom:0px;--margin-left:0px;--margin-right:0px;--padding-top:0px;--padding-bottom:0px;--padding-left:0px;--padding-right:0px;}.elementor-2092 .elementor-element.elementor-element-51dbf987{font-family:\"ax_inter_light\", Sans-serif;font-size:18px;font-weight:300;line-height:26px;}.elementor-2092 .elementor-element.elementor-element-4936b36{--display:flex;--flex-direction:row;--container-widget-width:initial;--container-widget-height:100%;--container-widget-flex-grow:1;--container-widget-align-self:stretch;--flex-wrap-mobile:wrap;--gap:0px 40px;--row-gap:0px;--column-gap:40px;--margin-top:0px;--margin-bottom:0px;--margin-left:0px;--margin-right:0px;--padding-top:0px;--padding-bottom:0px;--padding-left:0px;--padding-right:0px;}.elementor-2092 .elementor-element.elementor-element-6ba3434e{--display:flex;--gap:0px 0px;--row-gap:0px;--column-gap:0px;--margin-top:0px;--margin-bottom:0px;--margin-left:0px;--margin-right:0px;--padding-top:0px;--padding-bottom:0px;--padding-left:0px;--padding-right:0px;}.elementor-2092 .elementor-element.elementor-element-22934bb7{--display:flex;--min-height:110px;--gap:0px 0px;--row-gap:0px;--column-gap:0px;--margin-top:0px;--margin-bottom:0px;--margin-left:0px;--margin-right:0px;--padding-top:10px;--padding-bottom:0px;--padding-left:0px;--padding-right:0px;}.elementor-2092 .elementor-element.elementor-element-4d4924e7 .elementor-heading-title{font-family:\"ax_inter_light\", Sans-serif;font-size:35px;font-weight:300;line-height:38px;}.elementor-2092 .elementor-element.elementor-element-7d02af65{--display:flex;--gap:0px 0px;--row-gap:0px;--column-gap:0px;--margin-top:0px;--margin-bottom:0px;--margin-left:0px;--margin-right:0px;--padding-top:0px;--padding-bottom:0px;--padding-left:0px;--padding-right:0px;}.elementor-2092 .elementor-element.elementor-element-70389695{font-family:\"ax_inter_light\", Sans-serif;font-size:18px;font-weight:300;line-height:26px;}.elementor-2092 .elementor-element.elementor-element-754835ea{--display:flex;--gap:0px 0px;--row-gap:0px;--column-gap:0px;--margin-top:0px;--margin-bottom:0px;--margin-left:0px;--margin-right:0px;--padding-top:0px;--padding-bottom:0px;--padding-left:0px;--padding-right:0px;}.elementor-2092 .elementor-element.elementor-element-72b7f723{--display:flex;--min-height:110px;--gap:0px 0px;--row-gap:0px;--column-gap:0px;--margin-top:0px;--margin-bottom:0px;--margin-left:0px;--margin-right:0px;--padding-top:10px;--padding-bottom:0px;--padding-left:0px;--padding-right:0px;}.elementor-2092 .elementor-element.elementor-element-7cb67828 .elementor-heading-title{font-family:\"ax_inter_light\", Sans-serif;font-size:35px;font-weight:300;line-height:38px;}.elementor-2092 .elementor-element.elementor-element-65fcc263{--display:flex;--gap:0px 0px;--row-gap:0px;--column-gap:0px;--margin-top:0px;--margin-bottom:0px;--margin-left:0px;--margin-right:0px;--padding-top:0px;--padding-bottom:0px;--padding-left:0px;--padding-right:0px;}.elementor-2092 .elementor-element.elementor-element-644aa5ac{font-family:\"ax_inter_light\", Sans-serif;font-size:18px;font-weight:300;line-height:26px;}.elementor-2092 .elementor-element.elementor-element-7e70d691{--display:flex;--gap:0px 0px;--row-gap:0px;--column-gap:0px;--margin-top:0px;--margin-bottom:0px;--margin-left:0px;--margin-right:0px;--padding-top:0px;--padding-bottom:0px;--padding-left:0px;--padding-right:0px;}.elementor-2092 .elementor-element.elementor-element-55b5c44f{--display:flex;--min-height:110px;--gap:0px 0px;--row-gap:0px;--column-gap:0px;--margin-top:0px;--margin-bottom:0px;--margin-left:0px;--margin-right:0px;--padding-top:10px;--padding-bottom:0px;--padding-left:0px;--padding-right:0px;}.elementor-2092 .elementor-element.elementor-element-64455413 .elementor-heading-title{font-family:\"ax_inter_light\", Sans-serif;font-size:35px;font-weight:300;line-height:38px;}.elementor-2092 .elementor-element.elementor-element-a35083d{--display:flex;--gap:0px 0px;--row-gap:0px;--column-gap:0px;--margin-top:0px;--margin-bottom:0px;--margin-left:0px;--margin-right:0px;--padding-top:0px;--padding-bottom:0px;--padding-left:0px;--padding-right:0px;}.elementor-2092 .elementor-element.elementor-element-2b826447{font-family:\"ax_inter_light\", Sans-serif;font-size:18px;font-weight:300;line-height:26px;}@media(max-width:767px){.elementor-2092 .elementor-element.elementor-element-5e678544{--margin-top:-122px;--margin-bottom:0px;--margin-left:0px;--margin-right:0px;}.elementor-2092 .elementor-element.elementor-element-1c912865 .elementor-heading-title{font-size:42px;}.elementor-2092 .elementor-element.elementor-element-1c912865 > .elementor-widget-container{padding:0px 20px 0px 20px;}.elementor-2092 .elementor-element.elementor-element-4ed38f5b{--margin-top:-40px;--margin-bottom:0px;--margin-left:0px;--margin-right:0px;--padding-top:20px;--padding-bottom:20px;--padding-left:20px;--padding-right:20px;}.elementor-2092 .elementor-element.elementor-element-49f0622b{--padding-top:0px;--padding-bottom:0px;--padding-left:20px;--padding-right:20px;}.elementor-2092 .elementor-element.elementor-element-33bc473c{--margin-top:-19px;--margin-bottom:0px;--margin-left:0px;--margin-right:0px;--padding-top:10px;--padding-bottom:0px;--padding-left:20px;--padding-right:20px;}.elementor-2092 .elementor-element.elementor-element-1c92a537{--padding-top:0px;--padding-bottom:0px;--padding-left:20px;--padding-right:20px;}.elementor-2092 .elementor-element.elementor-element-30997343{--padding-top:20px;--padding-bottom:0px;--padding-left:20px;--padding-right:20px;}.elementor-2092 .elementor-element.elementor-element-27ae83aa{--padding-top:20px;--padding-bottom:20px;--padding-left:20px;--padding-right:20px;}.elementor-2092 .elementor-element.elementor-element-22934bb7{--margin-top:-34px;--margin-bottom:0px;--margin-left:0px;--margin-right:0px;--padding-top:10px;--padding-bottom:0px;--padding-left:20px;--padding-right:20px;}.elementor-2092 .elementor-element.elementor-element-7d02af65{--padding-top:0px;--padding-bottom:0px;--padding-left:20px;--padding-right:20px;}.elementor-2092 .elementor-element.elementor-element-72b7f723{--padding-top:20px;--padding-bottom:20px;--padding-left:20px;--padding-right:20px;}.elementor-2092 .elementor-element.elementor-element-65fcc263{--padding-top:0px;--padding-bottom:0px;--padding-left:20px;--padding-right:20px;}.elementor-2092 .elementor-element.elementor-element-55b5c44f{--padding-top:20px;--padding-bottom:20px;--padding-left:20px;--padding-right:20px;}.elementor-2092 .elementor-element.elementor-element-a35083d{--padding-top:0px;--padding-bottom:0px;--padding-left:20px;--padding-right:20px;}}@media(min-width:768px){.elementor-2092 .elementor-element.elementor-element-1e4dc854{--content-width:100%;}}<\/style>\t\t<div data-elementor-type=\"wp-page\" data-elementor-id=\"2092\" class=\"elementor elementor-2092\" data-elementor-post-type=\"page\">\n\t\t\t\t<div class=\"elementor-element elementor-element-1e4dc854 e-flex e-con-boxed e-con e-parent\" data-id=\"1e4dc854\" data-element_type=\"container\" data-e-type=\"container\" data-settings=\"{&quot;background_background&quot;:&quot;classic&quot;}\">\n\t\t\t\t\t<div class=\"e-con-inner\">\n\t\t<div class=\"elementor-element elementor-element-9d06a28 e-con-full container_width_all e-flex e-con e-child\" data-id=\"9d06a28\" data-element_type=\"container\" data-e-type=\"container\">\n\t\t<div class=\"elementor-element elementor-element-7fdfb4a2 e-con-full e-flex e-con e-child\" data-id=\"7fdfb4a2\" data-element_type=\"container\" data-e-type=\"container\">\n\t\t<div class=\"elementor-element elementor-element-20d09073 e-con-full e-flex e-con e-child\" data-id=\"20d09073\" data-element_type=\"container\" data-e-type=\"container\">\n\t\t<div class=\"elementor-element elementor-element-5e678544 e-con-full e-flex e-con e-child\" data-id=\"5e678544\" data-element_type=\"container\" data-e-type=\"container\">\n\t\t\t\t<div class=\"elementor-element elementor-element-1c912865 elementor-widget elementor-widget-heading\" data-id=\"1c912865\" data-element_type=\"widget\" data-e-type=\"widget\" data-widget_type=\"heading.default\">\n\t\t\t\t<div class=\"elementor-widget-container\">\n\t\t\t\t\t<h1 class=\"elementor-heading-title elementor-size-default\">Manteniment<\/h1>\t\t\t\t<\/div>\n\t\t\t\t<\/div>\n\t\t<div class=\"elementor-element elementor-element-1845538a e-con-full e-flex e-con e-child\" data-id=\"1845538a\" data-element_type=\"container\" data-e-type=\"container\">\n\t\t\t\t<div class=\"elementor-element elementor-element-8935123 elementor-widget elementor-widget-image\" data-id=\"8935123\" data-element_type=\"widget\" data-e-type=\"widget\" data-widget_type=\"image.default\">\n\t\t\t\t<div class=\"elementor-widget-container\">\n\t\t\t\t\t\t\t\t\t\t\t\t\t\t\t<img decoding=\"async\" src=\"https:\/\/axional.net\/wp-content\/uploads\/2025\/01\/air-conditioner-install-and-ac-repair-service-2023-11-27-05-00-56-utc-scaled-1.webp\" title=\"\" alt=\"Axional image mantenimiento\" loading=\"lazy\" \/>\t\t\t\t\t\t\t\t\t\t\t\t\t\t\t<\/div>\n\t\t\t\t<\/div>\n\t\t\t\t<\/div>\n\t\t\t\t<\/div>\n\t\t\t\t<\/div>\n\t\t\t\t<\/div>\n\t\t\t\t<\/div>\n\t\t<div class=\"elementor-element elementor-element-798ebf3e e-con-full container_width_all e-flex e-con e-child\" data-id=\"798ebf3e\" data-element_type=\"container\" data-e-type=\"container\">\n\t\t<div class=\"elementor-element elementor-element-2088143c e-con-full e-flex e-con e-child\" data-id=\"2088143c\" data-element_type=\"container\" data-e-type=\"container\">\n\t\t<div class=\"elementor-element elementor-element-4ed38f5b e-con-full e-flex e-con e-child\" data-id=\"4ed38f5b\" data-element_type=\"container\" data-e-type=\"container\">\n\t\t\t\t<div class=\"elementor-element elementor-element-703cc374 elementor-widget elementor-widget-heading\" data-id=\"703cc374\" data-element_type=\"widget\" data-e-type=\"widget\" data-widget_type=\"heading.default\">\n\t\t\t\t<div class=\"elementor-widget-container\">\n\t\t\t\t\t<h2 class=\"elementor-heading-title elementor-size-default translation-block\">Efici\u00e8ncia en<br> manteniment<\/h2>\t\t\t\t<\/div>\n\t\t\t\t<\/div>\n\t\t\t\t<\/div>\n\t\t<div class=\"elementor-element elementor-element-49f0622b e-con-full e-flex e-con e-child\" data-id=\"49f0622b\" data-element_type=\"container\" data-e-type=\"container\">\n\t\t\t\t<div class=\"elementor-element elementor-element-3dcdf4f2 elementor-widget elementor-widget-text-editor\" data-id=\"3dcdf4f2\" data-element_type=\"widget\" data-e-type=\"widget\" data-widget_type=\"text-editor.default\">\n\t\t\t\t<div class=\"elementor-widget-container\">\n\t\t\t\t\t\t\t\t\t<p>Les solucions Axional CMMS permeten gestionar de manera eficient el manteniment d\u2019instal\u00b7lacions i maquin\u00e0ria.<\/p><p>\u00a0<\/p>\t\t\t\t\t\t\t\t<\/div>\n\t\t\t\t<\/div>\n\t\t\t\t<\/div>\n\t\t\t\t<\/div>\n\t\t<div class=\"elementor-element elementor-element-5cb90ae8 e-con-full e-flex e-con e-child\" data-id=\"5cb90ae8\" data-element_type=\"container\" data-e-type=\"container\">\n\t\t<div class=\"elementor-element elementor-element-33bc473c e-con-full e-flex e-con e-child\" data-id=\"33bc473c\" data-element_type=\"container\" data-e-type=\"container\">\n\t\t\t\t<div class=\"elementor-element elementor-element-55943ea1 elementor-widget elementor-widget-heading\" data-id=\"55943ea1\" data-element_type=\"widget\" data-e-type=\"widget\" data-widget_type=\"heading.default\">\n\t\t\t\t<div class=\"elementor-widget-container\">\n\t\t\t\t\t<h2 class=\"elementor-heading-title elementor-size-default translation-block\">Optimitzaci\u00f3 de <br> recursos<\/h2>\t\t\t\t<\/div>\n\t\t\t\t<\/div>\n\t\t\t\t<\/div>\n\t\t<div class=\"elementor-element elementor-element-1c92a537 e-con-full e-flex e-con e-child\" data-id=\"1c92a537\" data-element_type=\"container\" data-e-type=\"container\">\n\t\t\t\t<div class=\"elementor-element elementor-element-454bec96 elementor-widget elementor-widget-text-editor\" data-id=\"454bec96\" data-element_type=\"widget\" data-e-type=\"widget\" data-widget_type=\"text-editor.default\">\n\t\t\t\t<div class=\"elementor-widget-container\">\n\t\t\t\t\t\t\t\t\t<p>Axional CMMS optimitza la utilitzaci\u00f3 dels recursos disponibles, incloent equips, eines i materials.<\/p>\t\t\t\t\t\t\t\t<\/div>\n\t\t\t\t<\/div>\n\t\t\t\t<\/div>\n\t\t\t\t<\/div>\n\t\t<div class=\"elementor-element elementor-element-658970e e-con-full e-flex e-con e-child\" data-id=\"658970e\" data-element_type=\"container\" data-e-type=\"container\">\n\t\t<div class=\"elementor-element elementor-element-30997343 e-con-full e-flex e-con e-child\" data-id=\"30997343\" data-element_type=\"container\" data-e-type=\"container\">\n\t\t\t\t<div class=\"elementor-element elementor-element-2724a6f8 elementor-widget elementor-widget-heading\" data-id=\"2724a6f8\" data-element_type=\"widget\" data-e-type=\"widget\" data-widget_type=\"heading.default\">\n\t\t\t\t<div class=\"elementor-widget-container\">\n\t\t\t\t\t<h2 class=\"elementor-heading-title elementor-size-default translation-block\">Control <br> exhaustiu<\/h2>\t\t\t\t<\/div>\n\t\t\t\t<\/div>\n\t\t\t\t<\/div>\n\t\t<div class=\"elementor-element elementor-element-27ae83aa e-con-full e-flex e-con e-child\" data-id=\"27ae83aa\" data-element_type=\"container\" data-e-type=\"container\">\n\t\t\t\t<div class=\"elementor-element elementor-element-51dbf987 elementor-widget elementor-widget-text-editor\" data-id=\"51dbf987\" data-element_type=\"widget\" data-e-type=\"widget\" data-widget_type=\"text-editor.default\">\n\t\t\t\t<div class=\"elementor-widget-container\">\n\t\t\t\t\t\t\t\t\tEls processos integrats del sistema ofereixen un control exhaustiu sobre instal\u00b7lacions i equipament durant tot el seu cicle de vida.\t\t\t\t\t\t\t\t<\/div>\n\t\t\t\t<\/div>\n\t\t\t\t<\/div>\n\t\t\t\t<\/div>\n\t\t\t\t<\/div>\n\t\t<div class=\"elementor-element elementor-element-4936b36 e-con-full container_width_all e-flex e-con e-child\" data-id=\"4936b36\" data-element_type=\"container\" data-e-type=\"container\">\n\t\t<div class=\"elementor-element elementor-element-6ba3434e e-con-full e-flex e-con e-child\" data-id=\"6ba3434e\" data-element_type=\"container\" data-e-type=\"container\">\n\t\t<div class=\"elementor-element elementor-element-22934bb7 e-con-full e-flex e-con e-child\" data-id=\"22934bb7\" data-element_type=\"container\" data-e-type=\"container\">\n\t\t\t\t<div class=\"elementor-element elementor-element-4d4924e7 elementor-widget elementor-widget-heading\" data-id=\"4d4924e7\" data-element_type=\"widget\" data-e-type=\"widget\" data-widget_type=\"heading.default\">\n\t\t\t\t<div class=\"elementor-widget-container\">\n\t\t\t\t\t<h2 class=\"elementor-heading-title elementor-size-default translation-block\">Mobilitat en <br> manteniment<\/h2>\t\t\t\t<\/div>\n\t\t\t\t<\/div>\n\t\t\t\t<\/div>\n\t\t<div class=\"elementor-element elementor-element-7d02af65 e-con-full e-flex e-con e-child\" data-id=\"7d02af65\" data-element_type=\"container\" data-e-type=\"container\">\n\t\t\t\t<div class=\"elementor-element elementor-element-70389695 elementor-widget elementor-widget-text-editor\" data-id=\"70389695\" data-element_type=\"widget\" data-e-type=\"widget\" data-widget_type=\"text-editor.default\">\n\t\t\t\t<div class=\"elementor-widget-container\">\n\t\t\t\t\t\t\t\t\t<p>Axional Mobile CMMS proporciona una soluci\u00f3 de mobilitat per agilitar les operacions de manteniment.<\/p>\t\t\t\t\t\t\t\t<\/div>\n\t\t\t\t<\/div>\n\t\t\t\t<\/div>\n\t\t\t\t<\/div>\n\t\t<div class=\"elementor-element elementor-element-754835ea e-con-full e-flex e-con e-child\" data-id=\"754835ea\" data-element_type=\"container\" data-e-type=\"container\">\n\t\t<div class=\"elementor-element elementor-element-72b7f723 e-con-full e-flex e-con e-child\" data-id=\"72b7f723\" data-element_type=\"container\" data-e-type=\"container\">\n\t\t\t\t<div class=\"elementor-element elementor-element-7cb67828 elementor-widget elementor-widget-heading\" data-id=\"7cb67828\" data-element_type=\"widget\" data-e-type=\"widget\" data-widget_type=\"heading.default\">\n\t\t\t\t<div class=\"elementor-widget-container\">\n\t\t\t\t\t<h2 class=\"elementor-heading-title elementor-size-default translation-block\">Gesti\u00f3 \u00e0gil de <br> tasques<\/h2>\t\t\t\t<\/div>\n\t\t\t\t<\/div>\n\t\t\t\t<\/div>\n\t\t<div class=\"elementor-element elementor-element-65fcc263 e-con-full e-flex e-con e-child\" data-id=\"65fcc263\" data-element_type=\"container\" data-e-type=\"container\">\n\t\t\t\t<div class=\"elementor-element elementor-element-644aa5ac elementor-widget elementor-widget-text-editor\" data-id=\"644aa5ac\" data-element_type=\"widget\" data-e-type=\"widget\" data-widget_type=\"text-editor.default\">\n\t\t\t\t<div class=\"elementor-widget-container\">\n\t\t\t\t\t\t\t\t\t<p>La soluci\u00f3 fa que la gesti\u00f3 de les tasques assignades als t\u00e8cnics de camp sigui \u00e0gil i eficient.<\/p>\t\t\t\t\t\t\t\t<\/div>\n\t\t\t\t<\/div>\n\t\t\t\t<\/div>\n\t\t\t\t<\/div>\n\t\t<div class=\"elementor-element elementor-element-7e70d691 e-con-full e-flex e-con e-child\" data-id=\"7e70d691\" data-element_type=\"container\" data-e-type=\"container\">\n\t\t<div class=\"elementor-element elementor-element-55b5c44f e-con-full e-flex e-con e-child\" data-id=\"55b5c44f\" data-element_type=\"container\" data-e-type=\"container\">\n\t\t\t\t<div class=\"elementor-element elementor-element-64455413 elementor-widget elementor-widget-heading\" data-id=\"64455413\" data-element_type=\"widget\" data-e-type=\"widget\" data-widget_type=\"heading.default\">\n\t\t\t\t<div class=\"elementor-widget-container\">\n\t\t\t\t\t<h2 class=\"elementor-heading-title elementor-size-default translation-block\">Suport per a<br> responsables<\/h2>\t\t\t\t<\/div>\n\t\t\t\t<\/div>\n\t\t\t\t<\/div>\n\t\t<div class=\"elementor-element elementor-element-a35083d e-con-full e-flex e-con e-child\" data-id=\"a35083d\" data-element_type=\"container\" data-e-type=\"container\">\n\t\t\t\t<div class=\"elementor-element elementor-element-2b826447 elementor-widget elementor-widget-text-editor\" data-id=\"2b826447\" data-element_type=\"widget\" data-e-type=\"widget\" data-widget_type=\"text-editor.default\">\n\t\t\t\t<div class=\"elementor-widget-container\">\n\t\t\t\t\t\t\t\t\t<p>Axional CMMS proporciona als responsables de manteniment les eines necess\u00e0ries per a un control efectiu i optimitzat.<\/p>\t\t\t\t\t\t\t\t<\/div>\n\t\t\t\t<\/div>\n\t\t\t\t<\/div>\n\t\t\t\t<\/div>\n\t\t\t\t<\/div>\n\t\t\t\t\t<\/div>\n\t\t\t\t<\/div>\n\t\t\t\t<\/div>","protected":false},"excerpt":{"rendered":"<p>Mantenimiento Eficiencia en mantenimiento Las soluciones Axional CMMS permiten gestionar de forma eficiente el mantenimiento de instalaciones y maquinaria. \u00a0 Optimizaci\u00f3n de recursos Axional CMMS optimiza la utilizaci\u00f3n de recursos disponibles, incluyendo equipos, herramientas y materiales. Control exhaustivo Los procesos integrados del sistema ofrecen un control exhaustivo sobre instalaciones y equipamiento durante todo su ciclo [&hellip;]<\/p>\n","protected":false},"author":4,"featured_media":0,"parent":0,"menu_order":0,"comment_status":"closed","ping_status":"closed","template":"","meta":{"footnotes":""},"class_list":["post-2092","page","type-page","status-publish","hentry"],"_links":{"self":[{"href":"https:\/\/axional.net\/ca\/wp-json\/wp\/v2\/pages\/2092","targetHints":{"allow":["GET"]}}],"collection":[{"href":"https:\/\/axional.net\/ca\/wp-json\/wp\/v2\/pages"}],"about":[{"href":"https:\/\/axional.net\/ca\/wp-json\/wp\/v2\/types\/page"}],"author":[{"embeddable":true,"href":"https:\/\/axional.net\/ca\/wp-json\/wp\/v2\/users\/4"}],"replies":[{"embeddable":true,"href":"https:\/\/axional.net\/ca\/wp-json\/wp\/v2\/comments?post=2092"}],"version-history":[{"count":0,"href":"https:\/\/axional.net\/ca\/wp-json\/wp\/v2\/pages\/2092\/revisions"}],"wp:attachment":[{"href":"https:\/\/axional.net\/ca\/wp-json\/wp\/v2\/media?parent=2092"}],"curies":[{"name":"wp","href":"https:\/\/api.w.org\/{rel}","templated":true}]}}