{"id":3170,"date":"2024-12-20T16:51:39","date_gmt":"2024-12-20T16:51:39","guid":{"rendered":"https:\/\/axional.net\/?page_id=3170"},"modified":"2025-06-25T12:55:58","modified_gmt":"2025-06-25T12:55:58","slug":"axh-derechos","status":"publish","type":"page","link":"https:\/\/axional.net\/ca\/axh-derechos\/","title":{"rendered":"Axh derechos"},"content":{"rendered":"<div data-elementor-type=\"wp-page\" data-elementor-id=\"3170\" class=\"elementor elementor-3170\" data-elementor-post-type=\"page\">\n\t\t\t\t<div class=\"elementor-element elementor-element-f25de91 e-con-full e-flex e-con e-parent\" data-id=\"f25de91\" data-element_type=\"container\" data-e-type=\"container\">\n\t\t\t\t<div class=\"elementor-element elementor-element-0c6807a container_img_hero_overlay elementor-widget elementor-widget-image\" data-id=\"0c6807a\" data-element_type=\"widget\" data-e-type=\"widget\" data-widget_type=\"image.default\">\n\t\t\t\t<div class=\"elementor-widget-container\">\n\t\t\t\t\t\t\t\t\t\t\t\t\t\t\t<img fetchpriority=\"high\" decoding=\"async\" width=\"800\" height=\"534\" src=\"https:\/\/axional.net\/wp-content\/uploads\/2024\/12\/business-documents-auditor-businesswoman-searchin-2023-11-27-05-11-10-utc-1024x683.jpg\" class=\"attachment-large size-large wp-image-3172\" alt=\"Secretaria haciendo una llamada.\" srcset=\"https:\/\/axional.net\/wp-content\/uploads\/2024\/12\/business-documents-auditor-businesswoman-searchin-2023-11-27-05-11-10-utc-1024x683.jpg 1024w, https:\/\/axional.net\/wp-content\/uploads\/2024\/12\/business-documents-auditor-businesswoman-searchin-2023-11-27-05-11-10-utc-300x200.jpg 300w, https:\/\/axional.net\/wp-content\/uploads\/2024\/12\/business-documents-auditor-businesswoman-searchin-2023-11-27-05-11-10-utc-768x512.jpg 768w, https:\/\/axional.net\/wp-content\/uploads\/2024\/12\/business-documents-auditor-businesswoman-searchin-2023-11-27-05-11-10-utc-1536x1024.jpg 1536w, https:\/\/axional.net\/wp-content\/uploads\/2024\/12\/business-documents-auditor-businesswoman-searchin-2023-11-27-05-11-10-utc-2048x1365.jpg 2048w, https:\/\/axional.net\/wp-content\/uploads\/2024\/12\/business-documents-auditor-businesswoman-searchin-2023-11-27-05-11-10-utc-18x12.jpg 18w\" sizes=\"(max-width: 800px) 100vw, 800px\" \/>\t\t\t\t\t\t\t\t\t\t\t\t\t\t\t<\/div>\n\t\t\t\t<\/div>\n\t\t<div class=\"elementor-element elementor-element-195224c e-con-full e-flex e-con e-child\" data-id=\"195224c\" data-element_type=\"container\" data-e-type=\"container\" data-settings=\"{&quot;position&quot;:&quot;absolute&quot;}\">\n\t\t<div class=\"elementor-element elementor-element-52961dd e-con-full container_width_all e-flex e-con e-child\" data-id=\"52961dd\" data-element_type=\"container\" data-e-type=\"container\">\n\t\t<div class=\"elementor-element elementor-element-c406db1 e-con-full e-flex e-con e-child\" data-id=\"c406db1\" data-element_type=\"container\" data-e-type=\"container\">\n\t\t\t\t<div class=\"elementor-element elementor-element-58c0279 elementor-widget elementor-widget-heading\" data-id=\"58c0279\" data-element_type=\"widget\" data-e-type=\"widget\" data-widget_type=\"heading.default\">\n\t\t\t\t<div class=\"elementor-widget-container\">\n\t\t\t\t\t<h2 class=\"elementor-heading-title elementor-size-default translation-block\">Todos los<br>\r\nderechos reservados<\/h2>\t\t\t\t<\/div>\n\t\t\t\t<\/div>\n\t\t\t\t<\/div>\n\t\t\t\t<\/div>\n\t\t\t\t<\/div>\n\t\t\t\t<\/div>\n\t\t<div class=\"elementor-element elementor-element-3ed3112 e-con-full e-flex e-con e-parent\" data-id=\"3ed3112\" data-element_type=\"container\" data-e-type=\"container\">\n\t\t<div class=\"elementor-element elementor-element-6e0066c e-con-full container_width_all e-flex e-con e-child\" data-id=\"6e0066c\" data-element_type=\"container\" data-e-type=\"container\">\n\t\t<div class=\"elementor-element elementor-element-03f26d4 e-con-full e-flex e-con e-child\" data-id=\"03f26d4\" data-element_type=\"container\" data-e-type=\"container\">\n\t\t\t\t<div class=\"elementor-element elementor-element-4cc3741 elementor-widget elementor-widget-heading\" data-id=\"4cc3741\" data-element_type=\"widget\" data-e-type=\"widget\" data-widget_type=\"heading.default\">\n\t\t\t\t<div class=\"elementor-widget-container\">\n\t\t\t\t\t<h2 class=\"elementor-heading-title elementor-size-default translation-block\">Exercici de drets de <br class=\"delete_br_mobile\"> Protecci\u00f3 de Dades<\/h2>\t\t\t\t<\/div>\n\t\t\t\t<\/div>\n\t\t\t\t<div class=\"elementor-element elementor-element-6ac6e01 elementor-widget elementor-widget-text-editor\" data-id=\"6ac6e01\" data-element_type=\"widget\" data-e-type=\"widget\" data-widget_type=\"text-editor.default\">\n\t\t\t\t<div class=\"elementor-widget-container\">\n\t\t\t\t\t\t\t\t\t<p>Request submission form for the exercise of rights related to data protection. The General Data Protection Regulation (GDPR), Regulation EU\/2016\/679, grants data subjects the right to access, rectify, object, erase (\u2018right to be forgotten\u2019), restrict processing, data portability, and not to be subject to automated individual decision-making.<\/p>\t\t\t\t\t\t\t\t<\/div>\n\t\t\t\t<\/div>\n\t\t\t\t<\/div>\n\t\t\t\t<div class=\"elementor-element elementor-element-631758a elementor-widget elementor-widget-button\" data-id=\"631758a\" data-element_type=\"widget\" data-e-type=\"widget\" data-widget_type=\"button.default\">\n\t\t\t\t<div class=\"elementor-widget-container\">\n\t\t\t\t\t\t\t\t\t<div class=\"elementor-button-wrapper\">\n\t\t\t\t\t<a class=\"elementor-button elementor-button-link elementor-size-sm\" href=\"https:\/\/www.deister.net\/wp-content\/uploads\/2024\/10\/Modelo-ejercicio-derechos-RGPD.pdf\" target=\"_blank\" rel=\"nofollow noopener\">\n\t\t\t\t\t\t<span class=\"elementor-button-content-wrapper\">\n\t\t\t\t\t\t\t\t\t<span class=\"elementor-button-text\">Descarregar PDF<\/span>\n\t\t\t\t\t<\/span>\n\t\t\t\t\t<\/a>\n\t\t\t\t<\/div>\n\t\t\t\t\t\t\t\t<\/div>\n\t\t\t\t<\/div>\n\t\t\t\t<\/div>\n\t\t\t\t<\/div>\n\t\t\t\t<\/div>","protected":false},"excerpt":{"rendered":"<p>Todos los derechos reservados Ejercicio de derechos de Protecci\u00f3n de Datos Formulario de env\u00edo de solicitudes para el ejercicio de los derechos relativos a la protecci\u00f3n de datos. El Reglamento General de Protecci\u00f3n de Datos (RGPD), Reglamento UE\/2016\/679, reconoce a los titulares de datos personales el ejercicio de los derechos de acceso, rectificaci\u00f3n, oposici\u00f3n, supresi\u00f3n [&hellip;]<\/p>\n","protected":false},"author":4,"featured_media":0,"parent":0,"menu_order":0,"comment_status":"closed","ping_status":"closed","template":"elementor_header_footer","meta":{"footnotes":""},"class_list":["post-3170","page","type-page","status-publish","hentry"],"_links":{"self":[{"href":"https:\/\/axional.net\/ca\/wp-json\/wp\/v2\/pages\/3170","targetHints":{"allow":["GET"]}}],"collection":[{"href":"https:\/\/axional.net\/ca\/wp-json\/wp\/v2\/pages"}],"about":[{"href":"https:\/\/axional.net\/ca\/wp-json\/wp\/v2\/types\/page"}],"author":[{"embeddable":true,"href":"https:\/\/axional.net\/ca\/wp-json\/wp\/v2\/users\/4"}],"replies":[{"embeddable":true,"href":"https:\/\/axional.net\/ca\/wp-json\/wp\/v2\/comments?post=3170"}],"version-history":[{"count":0,"href":"https:\/\/axional.net\/ca\/wp-json\/wp\/v2\/pages\/3170\/revisions"}],"wp:attachment":[{"href":"https:\/\/axional.net\/ca\/wp-json\/wp\/v2\/media?parent=3170"}],"curies":[{"name":"wp","href":"https:\/\/api.w.org\/{rel}","templated":true}]}}