{"id":4140,"date":"2025-02-13T21:39:35","date_gmt":"2025-02-13T21:39:35","guid":{"rendered":"https:\/\/axional.net\/?page_id=4140"},"modified":"2025-06-24T21:02:06","modified_gmt":"2025-06-24T21:02:06","slug":"axh-cobros-y-devoluciones","status":"publish","type":"page","link":"https:\/\/axional.net\/ca\/axh-cobros-y-devoluciones\/","title":{"rendered":"Axh Cobros y devoluciones"},"content":{"rendered":"<div data-elementor-type=\"wp-page\" data-elementor-id=\"4140\" class=\"elementor elementor-4140\" data-elementor-post-type=\"page\">\n\t\t\t\t<div class=\"elementor-element elementor-element-ed23278 e-con-full e-flex e-con e-parent\" data-id=\"ed23278\" data-element_type=\"container\" data-e-type=\"container\">\n\t\t<div class=\"elementor-element elementor-element-0dce6dd e-con-full e-flex e-con e-child\" data-id=\"0dce6dd\" data-element_type=\"container\" data-e-type=\"container\">\n\t\t\t\t<div class=\"elementor-element elementor-element-1d79e66 e-transform elementor-widget elementor-widget-image\" data-id=\"1d79e66\" data-element_type=\"widget\" data-e-type=\"widget\" data-settings=\"{&quot;_transform_rotateZ_effect&quot;:{&quot;unit&quot;:&quot;px&quot;,&quot;size&quot;:&quot;&quot;,&quot;sizes&quot;:[]},&quot;_transform_rotateZ_effect_tablet&quot;:{&quot;unit&quot;:&quot;deg&quot;,&quot;size&quot;:&quot;&quot;,&quot;sizes&quot;:[]},&quot;_transform_rotateZ_effect_mobile&quot;:{&quot;unit&quot;:&quot;deg&quot;,&quot;size&quot;:&quot;&quot;,&quot;sizes&quot;:[]}}\" data-widget_type=\"image.default\">\n\t\t\t\t<div class=\"elementor-widget-container\">\n\t\t\t\t\t\t\t\t\t\t\t\t\t\t\t<img fetchpriority=\"high\" decoding=\"async\" width=\"2560\" height=\"1710\" src=\"https:\/\/axional.net\/wp-content\/uploads\/2025\/03\/cardiologist-close-up-doctor-examines-patient-card-2024-11-29-14-27-09-utc-scaled.jpg\" class=\"attachment-full size-full wp-image-4787\" alt=\"Cardi\u00f3logo en primer plano examina los resultados del electrocardiograma (ECG) de un paciente en una mesa con ordenador.\" srcset=\"https:\/\/axional.net\/wp-content\/uploads\/2025\/03\/cardiologist-close-up-doctor-examines-patient-card-2024-11-29-14-27-09-utc-scaled.jpg 2560w, https:\/\/axional.net\/wp-content\/uploads\/2025\/03\/cardiologist-close-up-doctor-examines-patient-card-2024-11-29-14-27-09-utc-300x200.jpg 300w, https:\/\/axional.net\/wp-content\/uploads\/2025\/03\/cardiologist-close-up-doctor-examines-patient-card-2024-11-29-14-27-09-utc-1024x684.jpg 1024w, https:\/\/axional.net\/wp-content\/uploads\/2025\/03\/cardiologist-close-up-doctor-examines-patient-card-2024-11-29-14-27-09-utc-768x513.jpg 768w, https:\/\/axional.net\/wp-content\/uploads\/2025\/03\/cardiologist-close-up-doctor-examines-patient-card-2024-11-29-14-27-09-utc-1536x1026.jpg 1536w, https:\/\/axional.net\/wp-content\/uploads\/2025\/03\/cardiologist-close-up-doctor-examines-patient-card-2024-11-29-14-27-09-utc-2048x1368.jpg 2048w\" sizes=\"(max-width: 2560px) 100vw, 2560px\" \/>\t\t\t\t\t\t\t\t\t\t\t\t\t\t\t<\/div>\n\t\t\t\t<\/div>\n\t\t<div class=\"elementor-element elementor-element-3b6d4e5 e-con-full e-flex e-con e-child\" data-id=\"3b6d4e5\" data-element_type=\"container\" data-e-type=\"container\" data-settings=\"{&quot;position&quot;:&quot;absolute&quot;}\">\n\t\t<div class=\"elementor-element elementor-element-9bdf6b7 e-con-full container_width_all e-flex e-con e-child\" data-id=\"9bdf6b7\" data-element_type=\"container\" data-e-type=\"container\">\n\t\t\t\t<div class=\"elementor-element elementor-element-3a79113 elementor-widget elementor-widget-heading\" data-id=\"3a79113\" data-element_type=\"widget\" data-e-type=\"widget\" data-widget_type=\"heading.default\">\n\t\t\t\t<div class=\"elementor-widget-container\">\n\t\t\t\t\t<h2 class=\"elementor-heading-title elementor-size-default\">Cobros y <br class=\"delete_br_mobile\">devoluciones<\/h2>\t\t\t\t<\/div>\n\t\t\t\t<\/div>\n\t\t\t\t<\/div>\n\t\t\t\t<\/div>\n\t\t\t\t<\/div>\n\t\t\t\t<\/div>\n\t\t<div class=\"elementor-element elementor-element-f182eb7 e-con-full e-flex e-con e-parent\" data-id=\"f182eb7\" data-element_type=\"container\" data-e-type=\"container\">\n\t\t<div class=\"elementor-element elementor-element-1abe159 e-con-full container_width_all e-flex e-con e-child\" data-id=\"1abe159\" data-element_type=\"container\" data-e-type=\"container\">\n\t\t<div class=\"elementor-element elementor-element-c3b88e5 e-con-full container_width_all e-flex e-con e-child\" data-id=\"c3b88e5\" data-element_type=\"container\" data-e-type=\"container\">\n\t\t<div class=\"elementor-element elementor-element-f143c66 e-con-full e-flex e-con e-child\" data-id=\"f143c66\" data-element_type=\"container\" data-e-type=\"container\">\n\t\t\t\t<div class=\"elementor-element elementor-element-84f1956 elementor-widget elementor-widget-image\" data-id=\"84f1956\" data-element_type=\"widget\" data-e-type=\"widget\" data-widget_type=\"image.default\">\n\t\t\t\t<div class=\"elementor-widget-container\">\n\t\t\t\t\t\t\t\t\t\t\t\t\t\t\t<img decoding=\"async\" width=\"800\" height=\"450\" src=\"https:\/\/axional.net\/wp-content\/uploads\/2025\/03\/expert-doctor-talking-with-medical-staff-in-confer-2025-02-17-06-48-12-utc-1024x576.jpg\" class=\"attachment-large size-large wp-image-4789\" alt=\"M\u00e9dico especialista dialogando con el equipo m\u00e9dico en una sala de reuniones.\" srcset=\"https:\/\/axional.net\/wp-content\/uploads\/2025\/03\/expert-doctor-talking-with-medical-staff-in-confer-2025-02-17-06-48-12-utc-1024x576.jpg 1024w, https:\/\/axional.net\/wp-content\/uploads\/2025\/03\/expert-doctor-talking-with-medical-staff-in-confer-2025-02-17-06-48-12-utc-300x169.jpg 300w, https:\/\/axional.net\/wp-content\/uploads\/2025\/03\/expert-doctor-talking-with-medical-staff-in-confer-2025-02-17-06-48-12-utc-768x432.jpg 768w, https:\/\/axional.net\/wp-content\/uploads\/2025\/03\/expert-doctor-talking-with-medical-staff-in-confer-2025-02-17-06-48-12-utc-1536x864.jpg 1536w, https:\/\/axional.net\/wp-content\/uploads\/2025\/03\/expert-doctor-talking-with-medical-staff-in-confer-2025-02-17-06-48-12-utc-2048x1152.jpg 2048w\" sizes=\"(max-width: 800px) 100vw, 800px\" \/>\t\t\t\t\t\t\t\t\t\t\t\t\t\t\t<\/div>\n\t\t\t\t<\/div>\n\t\t\t\t<\/div>\n\t\t<div class=\"elementor-element elementor-element-d3d01b4 e-con-full e-flex e-con e-child\" data-id=\"d3d01b4\" data-element_type=\"container\" data-e-type=\"container\">\n\t\t\t\t<div class=\"elementor-element elementor-element-ed2b317 elementor-widget elementor-widget-heading\" data-id=\"ed2b317\" data-element_type=\"widget\" data-e-type=\"widget\" data-widget_type=\"heading.default\">\n\t\t\t\t<div class=\"elementor-widget-container\">\n\t\t\t\t\t<h2 class=\"elementor-heading-title elementor-size-default\">Lleve su empresa al siguiente nivel con nuestra herramienta<\/h2>\t\t\t\t<\/div>\n\t\t\t\t<\/div>\n\t\t\t\t<div class=\"elementor-element elementor-element-441839c elementor-widget elementor-widget-heading\" data-id=\"441839c\" data-element_type=\"widget\" data-e-type=\"widget\" data-widget_type=\"heading.default\">\n\t\t\t\t<div class=\"elementor-widget-container\">\n\t\t\t\t\t<h2 class=\"elementor-heading-title elementor-size-default\">Con nuestro software, su empresa podr\u00e1:<\/h2>\t\t\t\t<\/div>\n\t\t\t\t<\/div>\n\t\t\t\t<div class=\"elementor-element elementor-element-76b86a9 elementor-widget elementor-widget-text-editor\" data-id=\"76b86a9\" data-element_type=\"widget\" data-e-type=\"widget\" data-widget_type=\"text-editor.default\">\n\t\t\t\t<div class=\"elementor-widget-container\">\n\t\t\t\t\t\t\t\t\t<p>Centralizar la gesti\u00f3n de facturas y lotes: Administrar y validar facturas agrupadas en lotes para cumplir con normativas internas y externas.<\/p><p>Facilitar devoluciones internas: Si una factura presenta observaciones, puedes devolverla al \u00e1rea de facturaci\u00f3n para su correcci\u00f3n inmediata.<\/p><p>Optimizar el seguimiento y control: Registra, audita y consulta el estado de cada factura en tiempo real, reduciendo errores y agilizando los procesos de cobranza.<\/p>\t\t\t\t\t\t\t\t<\/div>\n\t\t\t\t<\/div>\n\t\t\t\t<\/div>\n\t\t\t\t<\/div>\n\t\t\t\t<\/div>\n\t\t\t\t<\/div>\n\t\t<div class=\"elementor-element elementor-element-f7e1026 e-con-full e-flex e-con e-parent\" data-id=\"f7e1026\" data-element_type=\"container\" data-e-type=\"container\">\n\t\t<div class=\"elementor-element elementor-element-63421db e-con-full container_width_all e-flex e-con e-child\" data-id=\"63421db\" data-element_type=\"container\" data-e-type=\"container\" data-settings=\"{&quot;background_background&quot;:&quot;classic&quot;}\">\n\t\t<div class=\"elementor-element elementor-element-1a0bf3c e-con-full container_width_all e-flex e-con e-child\" data-id=\"1a0bf3c\" data-element_type=\"container\" data-e-type=\"container\">\n\t\t<div class=\"elementor-element elementor-element-d3f29cb e-con-full e-flex e-con e-child\" data-id=\"d3f29cb\" data-element_type=\"container\" data-e-type=\"container\">\n\t\t\t\t<div class=\"elementor-element elementor-element-370e01f elementor-widget elementor-widget-text-editor\" data-id=\"370e01f\" data-element_type=\"widget\" data-e-type=\"widget\" data-widget_type=\"text-editor.default\">\n\t\t\t\t<div class=\"elementor-widget-container\">\n\t\t\t\t\t\t\t\t\t            <svg class=\"axh_finanzas_integracion_icon\" xmlns=\"http:\/\/www.w3.org\/2000\/svg\" width=\"46\" height=\"46\" viewbox=\"0 0 46 46\" fill=\"none\">\n                    <g clip-path=\"url(#clip0_3508_2513)\">\n                    <path d=\"M30.6667 0H15.3333C12.7926 0.00304339 10.3568 1.01369 8.56025 2.81025C6.76369 4.60682 5.75304 7.04261 5.75 9.58333V44.0833C5.75027 44.432 5.84562 44.7739 6.02577 45.0723C6.20593 45.3708 6.46408 45.6145 6.77242 45.7771C7.08077 45.9398 7.42764 46.0152 7.77569 45.9954C8.12374 45.9756 8.45979 45.8612 8.74767 45.6646L12.7842 42.9065L16.8207 45.6646C17.1396 45.883 17.5171 45.9998 17.9036 45.9998C18.2901 45.9998 18.6676 45.883 18.9865 45.6646L23.0115 42.9065L27.0365 45.6646C27.3556 45.8834 27.7335 46.0005 28.1204 46.0005C28.5073 46.0005 28.8851 45.8834 29.2043 45.6646L33.2292 42.9084L37.2542 45.6627C37.542 45.8587 37.8777 45.9726 38.2252 45.9922C38.5728 46.0119 38.9192 45.9365 39.2272 45.7741C39.5352 45.6118 39.7931 45.3686 39.9733 45.0707C40.1535 44.7728 40.2491 44.4315 40.25 44.0833V9.58333C40.247 7.04261 39.2363 4.60682 37.4397 2.81025C35.6432 1.01369 33.2074 0.00304339 30.6667 0V0ZM36.4167 40.4417L34.3083 39.0003C33.989 38.7811 33.6108 38.6638 33.2235 38.6638C32.8362 38.6638 32.458 38.7811 32.1387 39.0003L28.1137 41.7584L24.0887 39.0003C23.7696 38.7815 23.3917 38.6644 23.0048 38.6644C22.6179 38.6644 22.24 38.7815 21.9209 39.0003L17.8959 41.7584L13.8709 39.0003C13.5522 38.7824 13.1751 38.6657 12.789 38.6657C12.4028 38.6657 12.0257 38.7824 11.707 39.0003L9.58333 40.4417V9.58333C9.58333 8.05834 10.1891 6.5958 11.2675 5.51747C12.3458 4.43914 13.8083 3.83333 15.3333 3.83333H30.6667C32.1917 3.83333 33.6542 4.43914 34.7325 5.51747C35.8109 6.5958 36.4167 8.05834 36.4167 9.58333V40.4417Z\" fill=\"#374957\"\/>\n                    <path d=\"M30.6641 15.3359H15.3307C14.2722 15.3359 13.4141 16.1941 13.4141 17.2526C13.4141 18.3111 14.2722 19.1693 15.3307 19.1693H30.6641C31.7226 19.1693 32.5807 18.3111 32.5807 17.2526C32.5807 16.1941 31.7226 15.3359 30.6641 15.3359Z\" fill=\"#374957\"\/>\n                    <path d=\"M26.8307 23H15.3307C14.2722 23 13.4141 23.8581 13.4141 24.9167C13.4141 25.9752 14.2722 26.8334 15.3307 26.8334H26.8307C27.8892 26.8334 28.7474 25.9752 28.7474 24.9167C28.7474 23.8581 27.8892 23 26.8307 23Z\" fill=\"#374957\"\/>\n                    <\/g>\n                    <defs>\n                    <clippath id=\"clip0_3508_2513\">\n                    <rect width=\"46\" height=\"46\" fill=\"white\"\/>\n                    <\/clippath>\n                    <\/defs>\n                    <\/svg>\n<style>\n    .axh_finanzas_integracion_icon {\n        font-size: 45px;\n    }\n<\/style>\t\t\t\t\t\t\t\t<\/div>\n\t\t\t\t<\/div>\n\t\t\t\t<div class=\"elementor-element elementor-element-ec77c01 elementor-widget elementor-widget-heading\" data-id=\"ec77c01\" data-element_type=\"widget\" data-e-type=\"widget\" data-widget_type=\"heading.default\">\n\t\t\t\t<div class=\"elementor-widget-container\">\n\t\t\t\t\t<h2 class=\"elementor-heading-title elementor-size-default\">Validaci\u00f3n de lotes<\/h2>\t\t\t\t<\/div>\n\t\t\t\t<\/div>\n\t\t\t\t<div class=\"elementor-element elementor-element-3983ebc elementor-widget elementor-widget-text-editor\" data-id=\"3983ebc\" data-element_type=\"widget\" data-e-type=\"widget\" data-widget_type=\"text-editor.default\">\n\t\t\t\t<div class=\"elementor-widget-container\">\n\t\t\t\t\t\t\t\t\tAdministra las facturas enviadas por facturaci\u00f3n y realiza su verificaci\u00f3n.\t\t\t\t\t\t\t\t<\/div>\n\t\t\t\t<\/div>\n\t\t\t\t<\/div>\n\t\t<div class=\"elementor-element elementor-element-abe55cf e-con-full e-flex e-con e-child\" data-id=\"abe55cf\" data-element_type=\"container\" data-e-type=\"container\">\n\t\t\t\t<div class=\"elementor-element elementor-element-7eb107d elementor-widget elementor-widget-text-editor\" data-id=\"7eb107d\" data-element_type=\"widget\" data-e-type=\"widget\" data-widget_type=\"text-editor.default\">\n\t\t\t\t<div class=\"elementor-widget-container\">\n\t\t\t\t\t\t\t\t\t      <svg class=\"axh_finanzas_integracion_icon\" xmlns=\"http:\/\/www.w3.org\/2000\/svg\" width=\"46\" height=\"46\" viewbox=\"0 0 46 46\" fill=\"none\">\n                    <g clip-path=\"url(#clip0_3508_2514)\">\n                    <path d=\"M35.8701 22.9994H26.8368C25.8202 22.9994 24.8452 22.5955 24.1263 21.8766C23.4074 21.1577 23.0035 20.1827 23.0035 19.166V10.1079C23.0061 9.22617 22.8059 8.35568 22.4184 7.5637C22.0309 6.77172 21.4664 6.07947 20.7687 5.54045C20.1075 5.01685 19.3348 4.65223 18.5103 4.47476C17.6858 4.29729 16.8315 4.31173 16.0134 4.51696C11.3668 5.67043 7.25297 8.37532 4.35237 12.1843C1.45177 15.9933 -0.0618983 20.6782 0.0616988 25.4643C0.185296 30.2504 1.93875 34.851 5.03209 38.5052C8.12542 42.1594 12.3733 44.6484 17.0733 45.5605C22.3578 46.5719 27.829 45.5248 32.3665 42.6336C36.904 39.7423 40.1645 35.2257 41.4802 30.0086C41.6862 29.1895 41.7012 28.334 41.524 27.5082C41.3469 26.6824 40.9824 25.9083 40.4586 25.2457C39.9132 24.5489 39.217 23.9848 38.4222 23.5957C37.6275 23.2067 36.7549 23.0028 35.8701 22.9994ZM37.7638 29.0714C37.0299 32.0266 35.5242 34.7339 33.4008 36.9163C31.2773 39.0987 28.6123 40.678 25.6783 41.4925C22.7442 42.307 19.6465 42.3276 16.7019 41.5521C13.7573 40.7766 11.0715 39.2329 8.91928 37.0789C6.76703 34.9248 5.22556 32.2378 4.45251 29.2926C3.67947 26.3473 3.70261 23.2496 4.51955 20.3162C5.3365 17.3829 6.91794 14.7192 9.10212 12.5975C11.2863 10.4759 13.9948 8.97245 16.9507 8.24104C17.2035 8.17786 17.4677 8.17477 17.722 8.23202C17.9763 8.28926 18.2136 8.40526 18.415 8.57071C18.6528 8.75204 18.8457 8.98572 18.9787 9.25362C19.1116 9.52153 19.1811 9.81646 19.1817 10.1155V19.166C19.1817 21.1994 19.9894 23.1494 21.4272 24.5872C22.865 26.025 24.815 26.8327 26.8483 26.8327H35.8797C36.1814 26.8339 36.4789 26.9036 36.7497 27.0364C37.0206 27.1692 37.2579 27.3617 37.4437 27.5994C37.6066 27.8036 37.7201 28.0427 37.7753 28.2981C37.8305 28.5534 37.8259 28.8181 37.7618 29.0714H37.7638Z\" fill=\"#374957\"\/>\n                    <path d=\"M45.3285 14.2709C44.4461 11.0269 42.7319 8.06952 40.3555 5.69147C37.9791 3.31342 35.023 1.59711 31.7796 0.712392C31.4396 0.620985 31.089 0.574589 30.7369 0.574392C30.2305 0.56958 29.7281 0.66518 29.2588 0.855668C28.7895 1.04616 28.3626 1.32775 28.0028 1.68419C27.643 2.04063 27.3573 2.46484 27.1624 2.93231C26.9675 3.39978 26.8672 3.90125 26.8672 4.40772V13.4161C26.8672 14.9411 27.473 16.4036 28.5513 17.4819C29.6297 18.5603 31.0922 19.1661 32.6172 19.1661H41.6619C42.2536 19.1604 42.8359 19.0184 43.3637 18.7511C43.8915 18.4838 44.3506 18.0984 44.7053 17.6248C45.06 17.1513 45.3007 16.6024 45.4088 16.0207C45.5169 15.439 45.4894 14.8402 45.3285 14.2709V14.2709ZM40.5407 15.3327H32.6095C32.1012 15.3327 31.6137 15.1308 31.2542 14.7713C30.8948 14.4119 30.6929 13.9244 30.6929 13.4161L30.6775 4.42114C30.6916 4.411 30.7082 4.40502 30.7254 4.40389H30.7753C33.386 5.11514 35.7645 6.49864 37.6734 8.41632C39.5823 10.334 40.955 12.7188 41.6543 15.3327H40.5407Z\" fill=\"#374957\"\/>\n                    <\/g>\n                    <defs>\n                    <clippath id=\"clip0_3508_2514\">\n                    <rect width=\"46\" height=\"46\" fill=\"white\"\/>\n                    <\/clippath>\n                    <\/defs>\n                    <\/svg>\t\t\t\t\t\t\t\t<\/div>\n\t\t\t\t<\/div>\n\t\t\t\t<div class=\"elementor-element elementor-element-7545914 elementor-widget elementor-widget-heading\" data-id=\"7545914\" data-element_type=\"widget\" data-e-type=\"widget\" data-widget_type=\"heading.default\">\n\t\t\t\t<div class=\"elementor-widget-container\">\n\t\t\t\t\t<h2 class=\"elementor-heading-title elementor-size-default\">Lotes observados<\/h2>\t\t\t\t<\/div>\n\t\t\t\t<\/div>\n\t\t\t\t<div class=\"elementor-element elementor-element-e6c327d elementor-widget elementor-widget-text-editor\" data-id=\"e6c327d\" data-element_type=\"widget\" data-e-type=\"widget\" data-widget_type=\"text-editor.default\">\n\t\t\t\t<div class=\"elementor-widget-container\">\n\t\t\t\t\t\t\t\t\tIdentifica y gestiona facturas con observaciones para su correcci\u00f3n.\t\t\t\t\t\t\t\t<\/div>\n\t\t\t\t<\/div>\n\t\t\t\t<\/div>\n\t\t<div class=\"elementor-element elementor-element-747b17c e-con-full e-flex e-con e-child\" data-id=\"747b17c\" data-element_type=\"container\" data-e-type=\"container\">\n\t\t\t\t<div class=\"elementor-element elementor-element-d707928 elementor-widget elementor-widget-text-editor\" data-id=\"d707928\" data-element_type=\"widget\" data-e-type=\"widget\" data-widget_type=\"text-editor.default\">\n\t\t\t\t<div class=\"elementor-widget-container\">\n\t\t\t\t\t\t\t\t\t  <svg class=\"axh_finanzas_integracion_icon\" xmlns=\"http:\/\/www.w3.org\/2000\/svg\" width=\"46\" height=\"46\" viewbox=\"0 0 46 46\" fill=\"none\">\n                    <g clip-path=\"url(#clip0_3508_2521)\">\n                    <path d=\"M43.0953 21.0349L22.9991 33.0945L2.90281 21.0349C2.46692 20.7733 1.94498 20.6957 1.45182 20.819C0.958666 20.9422 0.534683 21.2564 0.273147 21.6923C0.01161 22.1282 -0.0660564 22.6501 0.0572331 23.1433C0.180523 23.6364 0.494669 24.0604 0.930563 24.3219L22.0139 36.9719C22.312 37.151 22.6532 37.2457 23.001 37.2457C23.3488 37.2457 23.69 37.151 23.9881 36.9719L45.0714 24.3219C45.5073 24.0604 45.8214 23.6364 45.9447 23.1433C46.068 22.6501 45.9904 22.1282 45.7288 21.6923C45.4673 21.2564 45.0433 20.9422 44.5501 20.819C44.057 20.6957 43.535 20.7733 43.0992 21.0349H43.0953Z\" fill=\"#374957\"\/>\n                    <path d=\"M43.0953 29.7888L22.9991 41.8466L2.90281 29.7888C2.68697 29.6593 2.44775 29.5736 2.19879 29.5365C1.94983 29.4995 1.69601 29.5118 1.45182 29.5729C1.20763 29.6339 0.97786 29.7425 0.775622 29.8923C0.573384 30.0421 0.402641 30.2304 0.273141 30.4462C0.143641 30.662 0.0579208 30.9013 0.0208743 31.1502C-0.0161722 31.3992 -0.00381939 31.653 0.0572274 31.8972C0.180517 32.3903 0.494663 32.8143 0.930558 33.0759L22.0139 45.7259C22.312 45.905 22.6532 45.9996 23.001 45.9996C23.3487 45.9996 23.69 45.905 23.9881 45.7259L45.0714 33.0759C45.5073 32.8143 45.8214 32.3903 45.9447 31.8972C46.068 31.404 45.9903 30.8821 45.7288 30.4462C45.4673 30.0103 45.0433 29.6961 44.5501 29.5729C44.057 29.4496 43.535 29.5272 43.0991 29.7888H43.0953Z\" fill=\"#374957\"\/>\n                    <path d=\"M22.9994 28.3164C21.9655 28.3158 20.9512 28.0343 20.065 27.5018L0.928977 16.0191C0.645593 15.8487 0.411114 15.6079 0.248332 15.32C0.085549 15.0322 0 14.7072 0 14.3765C0 14.0458 0.085549 13.7208 0.248332 13.433C0.411114 13.1451 0.645593 12.9043 0.928977 12.7339L20.065 1.25116C20.9512 0.718763 21.9656 0.4375 22.9994 0.4375C24.0332 0.4375 25.0476 0.718763 25.9338 1.25116L45.0698 12.7339C45.3532 12.9043 45.5877 13.1451 45.7505 13.433C45.9132 13.7208 45.9988 14.0458 45.9988 14.3765C45.9988 14.7072 45.9132 15.0322 45.7505 15.32C45.5877 15.6079 45.3532 15.8487 45.0698 16.0191L25.9338 27.5018C25.0476 28.0343 24.0333 28.3158 22.9994 28.3164V28.3164ZM5.64206 14.3765L22.0411 24.2147C22.3307 24.388 22.6619 24.4795 22.9994 24.4795C23.3369 24.4795 23.6681 24.388 23.9577 24.2147L40.3567 14.3765L23.9577 4.53824C23.6681 4.36498 23.3369 4.27349 22.9994 4.27349C22.6619 4.27349 22.3307 4.36498 22.0411 4.53824V4.53824L5.64206 14.3765Z\" fill=\"#374957\"\/>\n                    <\/g>\n                    <defs>\n                    <clippath id=\"clip0_3508_2521\">\n                    <rect width=\"46\" height=\"46\" fill=\"white\"\/>\n                    <\/clippath>\n                    <\/defs>\n                    <\/svg>\t\t\t\t\t\t\t\t<\/div>\n\t\t\t\t<\/div>\n\t\t\t\t<div class=\"elementor-element elementor-element-b1f4962 elementor-widget elementor-widget-heading\" data-id=\"b1f4962\" data-element_type=\"widget\" data-e-type=\"widget\" data-widget_type=\"heading.default\">\n\t\t\t\t<div class=\"elementor-widget-container\">\n\t\t\t\t\t<h2 class=\"elementor-heading-title elementor-size-default\">Lote financiador<\/h2>\t\t\t\t<\/div>\n\t\t\t\t<\/div>\n\t\t\t\t<div class=\"elementor-element elementor-element-12acb2e elementor-widget elementor-widget-text-editor\" data-id=\"12acb2e\" data-element_type=\"widget\" data-e-type=\"widget\" data-widget_type=\"text-editor.default\">\n\t\t\t\t<div class=\"elementor-widget-container\">\n\t\t\t\t\t\t\t\t\tTramita les factures validades i a punt per ser presentades als finan\u00e7adors.\t\t\t\t\t\t\t\t<\/div>\n\t\t\t\t<\/div>\n\t\t\t\t<\/div>\n\t\t\t\t<\/div>\n\t\t\t\t<\/div>\n\t\t\t\t<\/div>\n\t\t<div class=\"elementor-element elementor-element-2465345 e-con-full e-flex e-con e-parent\" data-id=\"2465345\" data-element_type=\"container\" data-e-type=\"container\">\n\t\t<div class=\"elementor-element elementor-element-79e582b e-con-full container_width_all e-flex e-con e-child\" data-id=\"79e582b\" data-element_type=\"container\" data-e-type=\"container\">\n\t\t<div class=\"elementor-element elementor-element-137c5e4 e-con-full e-flex e-con e-child\" data-id=\"137c5e4\" data-element_type=\"container\" data-e-type=\"container\">\n\t\t\t\t<div class=\"elementor-element elementor-element-c5ea5f5 elementor-widget elementor-widget-image\" data-id=\"c5ea5f5\" data-element_type=\"widget\" data-e-type=\"widget\" data-widget_type=\"image.default\">\n\t\t\t\t<div class=\"elementor-widget-container\">\n\t\t\t\t\t\t\t\t\t\t\t\t\t\t\t<img decoding=\"async\" width=\"800\" height=\"534\" src=\"https:\/\/axional.net\/wp-content\/uploads\/2025\/03\/female-doctor-using-mobile-phone-in-clinic-at-hosp-2023-11-27-05-03-18-utc-1024x683.jpg\" class=\"attachment-large size-large wp-image-4790\" alt=\"Doctora usando su tel\u00e9fono m\u00f3vil en una cl\u00ednica del hospital.\" srcset=\"https:\/\/axional.net\/wp-content\/uploads\/2025\/03\/female-doctor-using-mobile-phone-in-clinic-at-hosp-2023-11-27-05-03-18-utc-1024x683.jpg 1024w, https:\/\/axional.net\/wp-content\/uploads\/2025\/03\/female-doctor-using-mobile-phone-in-clinic-at-hosp-2023-11-27-05-03-18-utc-300x200.jpg 300w, https:\/\/axional.net\/wp-content\/uploads\/2025\/03\/female-doctor-using-mobile-phone-in-clinic-at-hosp-2023-11-27-05-03-18-utc-768x512.jpg 768w, https:\/\/axional.net\/wp-content\/uploads\/2025\/03\/female-doctor-using-mobile-phone-in-clinic-at-hosp-2023-11-27-05-03-18-utc-1536x1024.jpg 1536w, https:\/\/axional.net\/wp-content\/uploads\/2025\/03\/female-doctor-using-mobile-phone-in-clinic-at-hosp-2023-11-27-05-03-18-utc-2048x1365.jpg 2048w\" sizes=\"(max-width: 800px) 100vw, 800px\" \/>\t\t\t\t\t\t\t\t\t\t\t\t\t\t\t<\/div>\n\t\t\t\t<\/div>\n\t\t\t\t<\/div>\n\t\t<div class=\"elementor-element elementor-element-21c559e e-con-full e-flex e-con e-child\" data-id=\"21c559e\" data-element_type=\"container\" data-e-type=\"container\">\n\t\t<div class=\"elementor-element elementor-element-7b151b9 e-con-full mi-elemento-fijo e-flex e-con e-child\" data-id=\"7b151b9\" data-element_type=\"container\" data-e-type=\"container\" data-settings=\"{&quot;position&quot;:&quot;fixed&quot;}\">\n\t\t\t\t<div class=\"elementor-element elementor-element-6866311 elementor-widget elementor-widget-heading\" data-id=\"6866311\" data-element_type=\"widget\" data-e-type=\"widget\" data-widget_type=\"heading.default\">\n\t\t\t\t<div class=\"elementor-widget-container\">\n\t\t\t\t\t<h2 class=\"elementor-heading-title elementor-size-default\">Facilidad de uso y adaptabilidad<\/h2>\t\t\t\t<\/div>\n\t\t\t\t<\/div>\n\t\t\t\t<div class=\"elementor-element elementor-element-ec64f34 elementor-widget__width-initial elementor-widget elementor-widget-text-editor\" data-id=\"ec64f34\" data-element_type=\"widget\" data-e-type=\"widget\" data-widget_type=\"text-editor.default\">\n\t\t\t\t<div class=\"elementor-widget-container\">\n\t\t\t\t\t\t\t\t\t<p>Nuestro gestor cuenta con una interfaz intuitiva y f\u00e1cil de navegar. Adem\u00e1s, permite la personalizaci\u00f3n seg\u00fan las necesidades espec\u00edficas de tu organizaci\u00f3n.<\/p>\t\t\t\t\t\t\t\t<\/div>\n\t\t\t\t<\/div>\n\t\t\t\t<\/div>\n\t\t\t\t<\/div>\n\t\t\t\t<\/div>\n\t\t\t\t<\/div>\n\t\t\t\t<\/div>","protected":false},"excerpt":{"rendered":"<p>Cobros y devoluciones Lleve su empresa al siguiente nivel con nuestra herramienta Con nuestro software, su empresa podr\u00e1: Centralizar la gesti\u00f3n de facturas y lotes: Administrar y validar facturas agrupadas en lotes para cumplir con normativas internas y externas. Facilitar devoluciones internas: Si una factura presenta observaciones, puedes devolverla al \u00e1rea de facturaci\u00f3n para su [&hellip;]<\/p>\n","protected":false},"author":4,"featured_media":0,"parent":0,"menu_order":0,"comment_status":"closed","ping_status":"closed","template":"elementor_header_footer","meta":{"footnotes":""},"class_list":["post-4140","page","type-page","status-publish","hentry"],"_links":{"self":[{"href":"https:\/\/axional.net\/ca\/wp-json\/wp\/v2\/pages\/4140","targetHints":{"allow":["GET"]}}],"collection":[{"href":"https:\/\/axional.net\/ca\/wp-json\/wp\/v2\/pages"}],"about":[{"href":"https:\/\/axional.net\/ca\/wp-json\/wp\/v2\/types\/page"}],"author":[{"embeddable":true,"href":"https:\/\/axional.net\/ca\/wp-json\/wp\/v2\/users\/4"}],"replies":[{"embeddable":true,"href":"https:\/\/axional.net\/ca\/wp-json\/wp\/v2\/comments?post=4140"}],"version-history":[{"count":0,"href":"https:\/\/axional.net\/ca\/wp-json\/wp\/v2\/pages\/4140\/revisions"}],"wp:attachment":[{"href":"https:\/\/axional.net\/ca\/wp-json\/wp\/v2\/media?parent=4140"}],"curies":[{"name":"wp","href":"https:\/\/api.w.org\/{rel}","templated":true}]}}