{"id":4527,"date":"2025-03-12T17:25:21","date_gmt":"2025-03-12T17:25:21","guid":{"rendered":"https:\/\/axional.net\/?page_id=4527"},"modified":"2025-07-03T16:01:22","modified_gmt":"2025-07-03T16:01:22","slug":"inventario-sga","status":"publish","type":"page","link":"https:\/\/axional.net\/ca\/inventario-sga\/","title":{"rendered":"Inventario &#8211; sga"},"content":{"rendered":"<div data-elementor-type=\"wp-page\" data-elementor-id=\"4527\" class=\"elementor elementor-4527\" data-elementor-post-type=\"page\">\n\t\t\t\t<div class=\"elementor-element elementor-element-69f7a29 e-con-full e-flex e-con e-parent\" data-id=\"69f7a29\" data-element_type=\"container\" data-e-type=\"container\">\n\t\t<div class=\"elementor-element elementor-element-a619a49 e-con-full e-flex e-con e-child\" data-id=\"a619a49\" data-element_type=\"container\" data-e-type=\"container\">\n\t\t\t\t<div class=\"elementor-element elementor-element-a125290 elementor-widget elementor-widget-image\" data-id=\"a125290\" data-element_type=\"widget\" data-e-type=\"widget\" data-widget_type=\"image.default\">\n\t\t\t\t<div class=\"elementor-widget-container\">\n\t\t\t\t\t\t\t\t\t\t\t\t\t\t\t<img fetchpriority=\"high\" decoding=\"async\" width=\"7882\" height=\"5254\" src=\"https:\/\/axional.net\/wp-content\/uploads\/2025\/03\/middle-aged-male-managers-standing-between-rows-of-2024-12-05-18-28-40-utc_11zon.webp\" class=\"attachment-full size-full wp-image-4721\" alt=\"Personal de Almac\u00e9n haciendo un check out en un palet de productos.\" srcset=\"https:\/\/axional.net\/wp-content\/uploads\/2025\/03\/middle-aged-male-managers-standing-between-rows-of-2024-12-05-18-28-40-utc_11zon.webp 7882w, https:\/\/axional.net\/wp-content\/uploads\/2025\/03\/middle-aged-male-managers-standing-between-rows-of-2024-12-05-18-28-40-utc_11zon-300x200.webp 300w, https:\/\/axional.net\/wp-content\/uploads\/2025\/03\/middle-aged-male-managers-standing-between-rows-of-2024-12-05-18-28-40-utc_11zon-1024x683.webp 1024w, https:\/\/axional.net\/wp-content\/uploads\/2025\/03\/middle-aged-male-managers-standing-between-rows-of-2024-12-05-18-28-40-utc_11zon-768x512.webp 768w, https:\/\/axional.net\/wp-content\/uploads\/2025\/03\/middle-aged-male-managers-standing-between-rows-of-2024-12-05-18-28-40-utc_11zon-1536x1024.webp 1536w\" sizes=\"(max-width: 7882px) 100vw, 7882px\" \/>\t\t\t\t\t\t\t\t\t\t\t\t\t\t\t<\/div>\n\t\t\t\t<\/div>\n\t\t<div class=\"elementor-element elementor-element-fe432bf e-con-full e-flex e-con e-child\" data-id=\"fe432bf\" data-element_type=\"container\" data-e-type=\"container\" data-settings=\"{&quot;position&quot;:&quot;absolute&quot;}\">\n\t\t<div class=\"elementor-element elementor-element-f214f15 e-con-full container_width_all e-flex e-con e-child\" data-id=\"f214f15\" data-element_type=\"container\" data-e-type=\"container\">\n\t\t\t\t<div class=\"elementor-element elementor-element-538d14b elementor-widget elementor-widget-heading\" data-id=\"538d14b\" data-element_type=\"widget\" data-e-type=\"widget\" data-widget_type=\"heading.default\">\n\t\t\t\t<div class=\"elementor-widget-container\">\n\t\t\t\t\t<h2 class=\"elementor-heading-title elementor-size-default\">\n<h2 class=\"h2_general_title_hero\">Inventario - SGA<br class=\"delete_br_mobile\">\n<\/h2>\n<link href=\"https:\/\/fonts.googleapis.com\/css2?family=Inter:wght@300;400;500;600;700;800&amp;display=swap\" rel=\"stylesheet\">\n<style>\n@media (max-width: 1200px) {\n    .h2_general_title_hero {\n        font-size: 48px;\n     line-height: 50px;\n     color: white;\n     font-family: 'Inter', sans-serif;\n     font-weight: 300; \/* Puedes cambiar a 400 o 600 seg\u00fan necesites *\/\n    }\n    }\n    @media (min-width: 1100px) and (max-width: 1800px) {\n        .h2_general_title_hero {\n    \n        font-size: 60px;\n     line-height: 70px;\n     color: white;\n     font-family: 'Inter', sans-serif;\n     font-weight: 300; \/* Puedes cambiar a 400 o 600 seg\u00fan necesites *\/\n    }\n    }\n    \n    @media (min-width: 1800px)  {\n        .h2_general_title_hero {\n   \n     font-size: 90px;\n     line-height: 100px;\n     color: white;\n     font-family: 'Inter', sans-serif;\n     font-weight: 300; \/* Puedes cambiar a 400 o 600 seg\u00fan necesites *\/\n    }\n  \n    }\n<\/style><\/h2>\t\t\t\t<\/div>\n\t\t\t\t<\/div>\n\t\t\t\t<\/div>\n\t\t\t\t<\/div>\n\t\t\t\t<\/div>\n\t\t\t\t<\/div>\n\t\t<div class=\"elementor-element elementor-element-cc4b0cd e-con-full e-flex e-con e-parent\" data-id=\"cc4b0cd\" data-element_type=\"container\" data-e-type=\"container\">\n\t\t<div class=\"elementor-element elementor-element-0c3fc30 e-con-full container_width_all e-flex e-con e-child\" data-id=\"0c3fc30\" data-element_type=\"container\" data-e-type=\"container\">\n\t\t<div class=\"elementor-element elementor-element-ecad802 e-con-full e-flex e-con e-child\" data-id=\"ecad802\" data-element_type=\"container\" data-e-type=\"container\">\n\t\t\t\t<div class=\"elementor-element elementor-element-acc0857 elementor-widget elementor-widget-heading\" data-id=\"acc0857\" data-element_type=\"widget\" data-e-type=\"widget\" data-widget_type=\"heading.default\">\n\t\t\t\t<div class=\"elementor-widget-container\">\n\t\t\t\t\t<h2 class=\"elementor-heading-title elementor-size-default\">Modelos de <br class=\"delete_br_mobile\" \/> inventario<\/h2>\t\t\t\t<\/div>\n\t\t\t\t<\/div>\n\t\t<div class=\"elementor-element elementor-element-477e840 e-con-full e-flex e-con e-child\" data-id=\"477e840\" data-element_type=\"container\" data-e-type=\"container\">\n\t\t<div class=\"elementor-element elementor-element-04c355d e-con-full e-flex e-con e-child\" data-id=\"04c355d\" data-element_type=\"container\" data-e-type=\"container\">\n\t\t<div class=\"elementor-element elementor-element-97614a8 e-con-full mi-elemento-fijo e-flex e-con e-child\" data-id=\"97614a8\" data-element_type=\"container\" data-e-type=\"container\" data-settings=\"{&quot;position&quot;:&quot;fixed&quot;}\">\n\t\t\t\t<div class=\"elementor-element elementor-element-e857995 elementor-widget elementor-widget-heading\" data-id=\"e857995\" data-element_type=\"widget\" data-e-type=\"widget\" data-widget_type=\"heading.default\">\n\t\t\t\t<div class=\"elementor-widget-container\">\n\t\t\t\t\t<h2 class=\"elementor-heading-title elementor-size-default\">Inventario continuo<\/h2>\t\t\t\t<\/div>\n\t\t\t\t<\/div>\n\t\t\t\t<\/div>\n\t\t\t\t<\/div>\n\t\t<div class=\"elementor-element elementor-element-30d6bfb e-con-full e-flex e-con e-child\" data-id=\"30d6bfb\" data-element_type=\"container\" data-e-type=\"container\" data-settings=\"{&quot;background_background&quot;:&quot;classic&quot;}\">\n\t\t\t\t<div class=\"elementor-element elementor-element-067c59b elementor-widget elementor-widget-text-editor\" data-id=\"067c59b\" data-element_type=\"widget\" data-e-type=\"widget\" data-widget_type=\"text-editor.default\">\n\t\t\t\t<div class=\"elementor-widget-container\">\n\t\t\t\t\t\t\t\t\t<p>Este modelo de inventario permite un control en tiempo real del stock durante el proceso de picking. Cuando se detecta un paso por cero (stock por debajo del l\u00edmite), se genera una regularizaci\u00f3n autom\u00e1tica que puede realizarse de dos maneras:<\/p>\t\t\t\t\t\t\t\t<\/div>\n\t\t\t\t<\/div>\n\t\t\t\t<div class=\"elementor-element elementor-element-19a4f45 elementor-icon-list--layout-traditional elementor-list-item-link-full_width elementor-widget elementor-widget-icon-list\" data-id=\"19a4f45\" data-element_type=\"widget\" data-e-type=\"widget\" data-widget_type=\"icon-list.default\">\n\t\t\t\t<div class=\"elementor-widget-container\">\n\t\t\t\t\t\t\t<ul class=\"elementor-icon-list-items\">\n\t\t\t\t\t\t\t<li class=\"elementor-icon-list-item\">\n\t\t\t\t\t\t\t\t\t\t<span class=\"elementor-icon-list-text\">\u2022 Zona virtual: La regularizaci\u00f3n se almacena temporalmente en una ubicaci\u00f3n virtual, permitiendo su posterior revisi\u00f3n y certificaci\u00f3n.<\/span>\n\t\t\t\t\t\t\t\t\t<\/li>\n\t\t\t\t\t\t\t\t<li class=\"elementor-icon-list-item\">\n\t\t\t\t\t\t\t\t\t\t<span class=\"elementor-icon-list-text\">\u2022 Ubicaci\u00f3n espec\u00edfica: La regularizaci\u00f3n se realiza directamente sobre la ubicaci\u00f3n del producto afectado. <\/span>\n\t\t\t\t\t\t\t\t\t<\/li>\n\t\t\t\t\t\t<\/ul>\n\t\t\t\t\t\t<\/div>\n\t\t\t\t<\/div>\n\t\t\t\t<\/div>\n\t\t\t\t<\/div>\n\t\t<div class=\"elementor-element elementor-element-1bcc137 e-con-full e-flex e-con e-child\" data-id=\"1bcc137\" data-element_type=\"container\" data-e-type=\"container\">\n\t\t<div class=\"elementor-element elementor-element-fb5431a e-con-full e-flex e-con e-child\" data-id=\"fb5431a\" data-element_type=\"container\" data-e-type=\"container\">\n\t\t<div class=\"elementor-element elementor-element-ef00827 e-con-full mi-elemento-fijo e-flex e-con e-child\" data-id=\"ef00827\" data-element_type=\"container\" data-e-type=\"container\" data-settings=\"{&quot;position&quot;:&quot;fixed&quot;}\">\n\t\t\t\t<div class=\"elementor-element elementor-element-d8a9387 elementor-widget elementor-widget-heading\" data-id=\"d8a9387\" data-element_type=\"widget\" data-e-type=\"widget\" data-widget_type=\"heading.default\">\n\t\t\t\t<div class=\"elementor-widget-container\">\n\t\t\t\t\t<h2 class=\"elementor-heading-title elementor-size-default\">Inventario conteo \/ c\u00edclico<\/h2>\t\t\t\t<\/div>\n\t\t\t\t<\/div>\n\t\t\t\t<\/div>\n\t\t\t\t<\/div>\n\t\t<div class=\"elementor-element elementor-element-369cf42 e-con-full e-flex e-con e-child\" data-id=\"369cf42\" data-element_type=\"container\" data-e-type=\"container\" data-settings=\"{&quot;background_background&quot;:&quot;classic&quot;}\">\n\t\t\t\t<div class=\"elementor-element elementor-element-c466b05 elementor-widget elementor-widget-text-editor\" data-id=\"c466b05\" data-element_type=\"widget\" data-e-type=\"widget\" data-widget_type=\"text-editor.default\">\n\t\t\t\t<div class=\"elementor-widget-container\">\n\t\t\t\t\t\t\t\t\tSe genera verificaci\u00f3n de inventario seg\u00fan distintos criterios definidos por el almac\u00e9n, programarse <b>trimestralmente, bimensualmente, mensualmente o diariamente<\/b>, utilizando muestras aleatorias para optimizar la gesti\u00f3n del stock.\t\t\t\t\t\t\t\t<\/div>\n\t\t\t\t<\/div>\n\t\t\t\t<div class=\"elementor-element elementor-element-b026408 elementor-icon-list--layout-traditional elementor-list-item-link-full_width elementor-widget elementor-widget-icon-list\" data-id=\"b026408\" data-element_type=\"widget\" data-e-type=\"widget\" data-widget_type=\"icon-list.default\">\n\t\t\t\t<div class=\"elementor-widget-container\">\n\t\t\t\t\t\t\t<ul class=\"elementor-icon-list-items\">\n\t\t\t\t\t\t\t<li class=\"elementor-icon-list-item\">\n\t\t\t\t\t\t\t\t\t\t\t<span class=\"elementor-icon-list-icon\">\n\t\t\t\t\t\t\t<svg aria-hidden=\"true\" class=\"e-font-icon-svg e-fas-circle\" viewbox=\"0 0 512 512\" xmlns=\"http:\/\/www.w3.org\/2000\/svg\"><path d=\"M256 8C119 8 8 119 8 256s111 248 248 248 248-111 248-248S393 8 256 8z\"><\/path><\/svg>\t\t\t\t\t\t<\/span>\n\t\t\t\t\t\t\t\t\t\t<span class=\"elementor-icon-list-text\">Pasillos, zonas o subzonas.<\/span>\n\t\t\t\t\t\t\t\t\t<\/li>\n\t\t\t\t\t\t\t\t<li class=\"elementor-icon-list-item\">\n\t\t\t\t\t\t\t\t\t\t\t<span class=\"elementor-icon-list-icon\">\n\t\t\t\t\t\t\t<svg aria-hidden=\"true\" class=\"e-font-icon-svg e-fas-circle\" viewbox=\"0 0 512 512\" xmlns=\"http:\/\/www.w3.org\/2000\/svg\"><path d=\"M256 8C119 8 8 119 8 256s111 248 248 248 248-111 248-248S393 8 256 8z\"><\/path><\/svg>\t\t\t\t\t\t<\/span>\n\t\t\t\t\t\t\t\t\t\t<span class=\"elementor-icon-list-text\">Grupos de ubicaciones.<\/span>\n\t\t\t\t\t\t\t\t\t<\/li>\n\t\t\t\t\t\t\t\t<li class=\"elementor-icon-list-item\">\n\t\t\t\t\t\t\t\t\t\t\t<span class=\"elementor-icon-list-icon\">\n\t\t\t\t\t\t\t<svg aria-hidden=\"true\" class=\"e-font-icon-svg e-fas-circle\" viewbox=\"0 0 512 512\" xmlns=\"http:\/\/www.w3.org\/2000\/svg\"><path d=\"M256 8C119 8 8 119 8 256s111 248 248 248 248-111 248-248S393 8 256 8z\"><\/path><\/svg>\t\t\t\t\t\t<\/span>\n\t\t\t\t\t\t\t\t\t\t<span class=\"elementor-icon-list-text\">Clientes espec\u00edficos.<\/span>\n\t\t\t\t\t\t\t\t\t<\/li>\n\t\t\t\t\t\t\t\t<li class=\"elementor-icon-list-item\">\n\t\t\t\t\t\t\t\t\t\t\t<span class=\"elementor-icon-list-icon\">\n\t\t\t\t\t\t\t<svg aria-hidden=\"true\" class=\"e-font-icon-svg e-fas-circle\" viewbox=\"0 0 512 512\" xmlns=\"http:\/\/www.w3.org\/2000\/svg\"><path d=\"M256 8C119 8 8 119 8 256s111 248 248 248 248-111 248-248S393 8 256 8z\"><\/path><\/svg>\t\t\t\t\t\t<\/span>\n\t\t\t\t\t\t\t\t\t\t<span class=\"elementor-icon-list-text\">Clasificaci\u00f3n ABC de los productos.<\/span>\n\t\t\t\t\t\t\t\t\t<\/li>\n\t\t\t\t\t\t<\/ul>\n\t\t\t\t\t\t<\/div>\n\t\t\t\t<\/div>\n\t\t\t\t<\/div>\n\t\t\t\t<\/div>\n\t\t\t\t<\/div>\n\t\t\t\t<\/div>\n\t\t\t\t<\/div>\n\t\t\t\t<\/div>","protected":false},"excerpt":{"rendered":"<p>Inventario &#8211; SGA Modelos de inventario Inventario continuo Este modelo de inventario permite un control en tiempo real del stock durante el proceso de picking. Cuando se detecta un paso por cero (stock por debajo del l\u00edmite), se genera una regularizaci\u00f3n autom\u00e1tica que puede realizarse de dos maneras: \u2022 Zona virtual: La regularizaci\u00f3n se almacena [&hellip;]<\/p>\n","protected":false},"author":4,"featured_media":0,"parent":0,"menu_order":0,"comment_status":"closed","ping_status":"closed","template":"","meta":{"footnotes":""},"class_list":["post-4527","page","type-page","status-publish","hentry"],"_links":{"self":[{"href":"https:\/\/axional.net\/ca\/wp-json\/wp\/v2\/pages\/4527","targetHints":{"allow":["GET"]}}],"collection":[{"href":"https:\/\/axional.net\/ca\/wp-json\/wp\/v2\/pages"}],"about":[{"href":"https:\/\/axional.net\/ca\/wp-json\/wp\/v2\/types\/page"}],"author":[{"embeddable":true,"href":"https:\/\/axional.net\/ca\/wp-json\/wp\/v2\/users\/4"}],"replies":[{"embeddable":true,"href":"https:\/\/axional.net\/ca\/wp-json\/wp\/v2\/comments?post=4527"}],"version-history":[{"count":0,"href":"https:\/\/axional.net\/ca\/wp-json\/wp\/v2\/pages\/4527\/revisions"}],"wp:attachment":[{"href":"https:\/\/axional.net\/ca\/wp-json\/wp\/v2\/media?parent=4527"}],"curies":[{"name":"wp","href":"https:\/\/api.w.org\/{rel}","templated":true}]}}