{"id":1055,"date":"2024-09-19T09:28:50","date_gmt":"2024-09-19T09:28:50","guid":{"rendered":"https:\/\/axionalerp.wpenginepowered.com\/?page_id=1055"},"modified":"2026-04-06T19:23:53","modified_gmt":"2026-04-06T19:23:53","slug":"ax-contacto","status":"publish","type":"page","link":"https:\/\/axional.net\/en\/ax-contacto\/","title":{"rendered":"Ax-Contacto"},"content":{"rendered":"\t\t<div data-elementor-type=\"wp-page\" data-elementor-id=\"1055\" class=\"elementor elementor-1055\" data-elementor-post-type=\"page\">\n\t\t\t\t<div class=\"elementor-element elementor-element-2a77771b e-con-full e-flex e-con e-parent\" data-id=\"2a77771b\" data-element_type=\"container\" data-e-type=\"container\">\n\t\t<div class=\"elementor-element elementor-element-739d555b e-con-full container_width_all e-flex e-con e-child\" data-id=\"739d555b\" data-element_type=\"container\" data-e-type=\"container\">\n\t\t<div class=\"elementor-element elementor-element-373e91fc e-con-full e-flex e-con e-child\" data-id=\"373e91fc\" data-element_type=\"container\" data-e-type=\"container\">\n\t\t\t\t<div class=\"elementor-element elementor-element-8cf4247 elementor-widget elementor-widget-heading\" data-id=\"8cf4247\" data-element_type=\"widget\" data-e-type=\"widget\" data-widget_type=\"heading.default\">\n\t\t\t\t<div class=\"elementor-widget-container\">\n\t\t\t\t\t<h1 class=\"elementor-heading-title elementor-size-default\">Cont\u00e1ctanos<\/h1>\t\t\t\t<\/div>\n\t\t\t\t<\/div>\n\t\t<div class=\"elementor-element elementor-element-1618163c e-con-full e-flex e-con e-child\" data-id=\"1618163c\" data-element_type=\"container\" data-e-type=\"container\">\n\t\t<div class=\"elementor-element elementor-element-20d49a48 e-con-full e-flex e-con e-child\" data-id=\"20d49a48\" data-element_type=\"container\" data-e-type=\"container\">\n\t\t<div class=\"elementor-element elementor-element-143bc361 e-con-full e-flex e-con e-child\" data-id=\"143bc361\" data-element_type=\"container\" data-e-type=\"container\">\n\t\t\t\t<div class=\"elementor-element elementor-element-560af5be elementor-widget elementor-widget-image\" data-id=\"560af5be\" data-element_type=\"widget\" data-e-type=\"widget\" data-widget_type=\"image.default\">\n\t\t\t\t<div class=\"elementor-widget-container\">\n\t\t\t\t\t\t\t\t\t\t\t\t\t\t\t<img fetchpriority=\"high\" decoding=\"async\" width=\"800\" height=\"800\" src=\"https:\/\/axional.net\/wp-content\/uploads\/2024\/10\/Iconos-c-32.svg\" class=\"attachment-large size-large wp-image-2933\" alt=\"Icono de llamada\" srcset=\"https:\/\/axional.net\/wp-content\/uploads\/\/2024\/10\/Iconos-c-32.svg 150w, https:\/\/axional.net\/wp-content\/uploads\/\/2024\/10\/Iconos-c-32.svg 300w, https:\/\/axional.net\/wp-content\/uploads\/\/2024\/10\/Iconos-c-32.svg 1024w\" sizes=\"(max-width: 800px) 100vw, 800px\" \/>\t\t\t\t\t\t\t\t\t\t\t\t\t\t\t<\/div>\n\t\t\t\t<\/div>\n\t\t\t\t<\/div>\n\t\t<div class=\"elementor-element elementor-element-1e74fc16 e-con-full e-flex e-con e-child\" data-id=\"1e74fc16\" data-element_type=\"container\" data-e-type=\"container\">\n\t\t\t\t<div class=\"elementor-element elementor-element-3309418b elementor-widget elementor-widget-heading\" data-id=\"3309418b\" data-element_type=\"widget\" data-e-type=\"widget\" data-widget_type=\"heading.default\">\n\t\t\t\t<div class=\"elementor-widget-container\">\n\t\t\t\t\t<span class=\"elementor-heading-title elementor-size-default\">+34 902 188 080 <br>\n+34 932 063 298<\/span>\t\t\t\t<\/div>\n\t\t\t\t<\/div>\n\t\t\t\t<\/div>\n\t\t\t\t<\/div>\n\t\t<div data-ep-wrapper-link=\"{&quot;url&quot;:&quot;mailto:info@deister.es&quot;,&quot;is_external&quot;:&quot;&quot;,&quot;nofollow&quot;:&quot;&quot;,&quot;custom_attributes&quot;:&quot;&quot;}\" style=\"cursor: pointer\" class=\"bdt-element-link elementor-element elementor-element-50940d70 e-con-full e-flex e-con e-child\" data-id=\"50940d70\" data-element_type=\"container\" data-e-type=\"container\">\n\t\t<div class=\"elementor-element elementor-element-5fd2cb29 e-con-full e-flex e-con e-child\" data-id=\"5fd2cb29\" data-element_type=\"container\" data-e-type=\"container\">\n\t\t\t\t<div class=\"elementor-element elementor-element-1882d30d elementor-widget elementor-widget-image\" data-id=\"1882d30d\" data-element_type=\"widget\" data-e-type=\"widget\" data-widget_type=\"image.default\">\n\t\t\t\t<div class=\"elementor-widget-container\">\n\t\t\t\t\t\t\t\t\t\t\t\t\t\t\t<img decoding=\"async\" width=\"800\" height=\"800\" src=\"https:\/\/axional.net\/wp-content\/uploads\/2024\/10\/Iconos-c-34.svg\" class=\"attachment-large size-large wp-image-2934\" alt=\"Icono de ubicaci\u00f3n\" srcset=\"https:\/\/axional.net\/wp-content\/uploads\/\/2024\/10\/Iconos-c-34.svg 150w, https:\/\/axional.net\/wp-content\/uploads\/\/2024\/10\/Iconos-c-34.svg 300w, https:\/\/axional.net\/wp-content\/uploads\/\/2024\/10\/Iconos-c-34.svg 1024w\" sizes=\"(max-width: 800px) 100vw, 800px\" \/>\t\t\t\t\t\t\t\t\t\t\t\t\t\t\t<\/div>\n\t\t\t\t<\/div>\n\t\t\t\t<\/div>\n\t\t<div class=\"elementor-element elementor-element-690862c2 e-con-full e-flex e-con e-child\" data-id=\"690862c2\" data-element_type=\"container\" data-e-type=\"container\">\n\t\t\t\t<div class=\"elementor-element elementor-element-579254c5 elementor-widget elementor-widget-heading\" data-id=\"579254c5\" data-element_type=\"widget\" data-e-type=\"widget\" data-widget_type=\"heading.default\">\n\t\t\t\t<div class=\"elementor-widget-container\">\n\t\t\t\t\t<span class=\"elementor-heading-title elementor-size-default\">C. de Sant Pere Claver 15, <br>Distrito de Sarri\u00e0-Sant Gervasi, <br>\n08017 Barcelona, Espa\u00f1a.<\/span>\t\t\t\t<\/div>\n\t\t\t\t<\/div>\n\t\t\t\t<\/div>\n\t\t\t\t<\/div>\n\t\t<div class=\"elementor-element elementor-element-1ac88433 e-con-full e-flex e-con e-child\" data-id=\"1ac88433\" data-element_type=\"container\" data-e-type=\"container\">\n\t\t<div class=\"elementor-element elementor-element-7eb724f0 e-con-full e-flex e-con e-child\" data-id=\"7eb724f0\" data-element_type=\"container\" data-e-type=\"container\">\n\t\t\t\t<div class=\"elementor-element elementor-element-6cf781c0 elementor-widget elementor-widget-image\" data-id=\"6cf781c0\" data-element_type=\"widget\" data-e-type=\"widget\" data-widget_type=\"image.default\">\n\t\t\t\t<div class=\"elementor-widget-container\">\n\t\t\t\t\t\t\t\t\t\t\t\t\t\t\t<img decoding=\"async\" width=\"800\" height=\"800\" src=\"https:\/\/axional.net\/wp-content\/uploads\/2024\/10\/Iconos-c-33.svg\" class=\"attachment-large size-large wp-image-2935\" alt=\"Icono de mensajer\u00eda\" srcset=\"https:\/\/axional.net\/wp-content\/uploads\/\/2024\/10\/Iconos-c-33.svg 150w, https:\/\/axional.net\/wp-content\/uploads\/\/2024\/10\/Iconos-c-33.svg 300w, https:\/\/axional.net\/wp-content\/uploads\/\/2024\/10\/Iconos-c-33.svg 1024w\" sizes=\"(max-width: 800px) 100vw, 800px\" \/>\t\t\t\t\t\t\t\t\t\t\t\t\t\t\t<\/div>\n\t\t\t\t<\/div>\n\t\t\t\t<\/div>\n\t\t<div class=\"elementor-element elementor-element-20c708f0 e-con-full e-flex e-con e-child\" data-id=\"20c708f0\" data-element_type=\"container\" data-e-type=\"container\">\n\t\t\t\t<div class=\"elementor-element elementor-element-4671cc3f elementor-widget__width-initial elementor-widget elementor-widget-heading\" data-id=\"4671cc3f\" data-element_type=\"widget\" data-e-type=\"widget\" data-widget_type=\"heading.default\">\n\t\t\t\t<div class=\"elementor-widget-container\">\n\t\t\t\t\t<h2 class=\"elementor-heading-title elementor-size-default\">info@deister.es<\/h2>\t\t\t\t<\/div>\n\t\t\t\t<\/div>\n\t\t\t\t<\/div>\n\t\t\t\t<\/div>\n\t\t\t\t<\/div>\n\t\t\t\t<\/div>\n\t\t<div class=\"elementor-element elementor-element-61ac435c e-con-full e-flex e-con e-child\" data-id=\"61ac435c\" data-element_type=\"container\" data-e-type=\"container\" data-settings=\"{&quot;background_background&quot;:&quot;classic&quot;}\">\n\t\t<div class=\"elementor-element elementor-element-32813a95 e-con-full e-flex e-con e-child\" data-id=\"32813a95\" data-element_type=\"container\" data-e-type=\"container\">\n\t\t\t\t<div class=\"elementor-element elementor-element-bbfaa5b elementor-widget elementor-widget-text-editor\" data-id=\"bbfaa5b\" data-element_type=\"widget\" data-e-type=\"widget\" id=\"ax_white_contacto_mensaje\" data-widget_type=\"text-editor.default\">\n\t\t\t\t<div class=\"elementor-widget-container\">\n\t\t\t\t\t\t\t\t\tHaznos saber c\u00f3mo podemos ayudarte. Por favor, completa el formulario y nos pondremos en contacto contigo lo antes posible.\t\t\t\t\t\t\t\t<\/div>\n\t\t\t\t<\/div>\n\t\t\t\t<\/div>\n\t\t\t\t<div class=\"elementor-element elementor-element-4bb2e4ee elementor-widget__width-initial elementor-widget elementor-widget-form\" data-id=\"4bb2e4ee\" data-element_type=\"widget\" data-e-type=\"widget\" data-settings=\"{&quot;step_next_label&quot;:&quot;Next&quot;,&quot;step_previous_label&quot;:&quot;Previous&quot;,&quot;button_width&quot;:&quot;100&quot;,&quot;step_type&quot;:&quot;number_text&quot;,&quot;step_icon_shape&quot;:&quot;circle&quot;}\" data-widget_type=\"form.default\">\n\t\t\t\t<div class=\"elementor-widget-container\">\n\t\t\t\t\t\t\t<form class=\"elementor-form\" method=\"post\" id=\"axe_form_contacto\" name=\"New Form\" aria-label=\"New Form\" novalidate=\"\">\n\t\t\t<input type=\"hidden\" name=\"post_id\" value=\"1055\"\/>\n\t\t\t<input type=\"hidden\" name=\"form_id\" value=\"4bb2e4ee\"\/>\n\t\t\t<input type=\"hidden\" name=\"referer_title\" value=\"Ax-Contacto - Axional\" \/>\n\n\t\t\t\t\t\t\t<input type=\"hidden\" name=\"queried_id\" value=\"1055\"\/>\n\t\t\t\n\t\t\t<div class=\"elementor-form-fields-wrapper elementor-labels-above\">\n\t\t\t\t\t\t\t\t<div class=\"elementor-field-type-text elementor-field-group elementor-column elementor-field-group-ax_contacto_name elementor-col-100 elementor-field-required elementor-mark-required\">\n\t\t\t\t\t\t\t\t\t\t\t\t<label for=\"form-field-ax_contacto_name\" class=\"elementor-field-label\">\n\t\t\t\t\t\t\t\tNombre\t\t\t\t\t\t\t<\/label>\n\t\t\t\t\t\t\t\t\t\t\t\t\t\t<input size=\"1\" type=\"text\" name=\"form_fields[ax_contacto_name]\" id=\"form-field-ax_contacto_name\" class=\"elementor-field elementor-size-sm  elementor-field-textual\" placeholder=\"Juan\" required=\"required\">\n\t\t\t\t\t\t\t\t\t\t\t<\/div>\n\t\t\t\t\t\t\t\t<div class=\"elementor-field-type-email elementor-field-group elementor-column elementor-field-group-ax_contacto_correo elementor-col-100 elementor-field-required elementor-mark-required\">\n\t\t\t\t\t\t\t\t\t\t\t\t<label for=\"form-field-ax_contacto_correo\" class=\"elementor-field-label\">\n\t\t\t\t\t\t\t\tCorreo\t\t\t\t\t\t\t<\/label>\n\t\t\t\t\t\t\t\t\t\t\t\t\t\t<input size=\"1\" type=\"email\" name=\"form_fields[ax_contacto_correo]\" id=\"form-field-ax_contacto_correo\" class=\"elementor-field elementor-size-sm  elementor-field-textual\" placeholder=\"juanperez@gmail.com\" required=\"required\">\n\t\t\t\t\t\t\t\t\t\t\t<\/div>\n\t\t\t\t\t\t\t\t<div class=\"elementor-field-type-text elementor-field-group elementor-column elementor-field-group-ax_contacto_asunto elementor-col-100 elementor-field-required elementor-mark-required\">\n\t\t\t\t\t\t\t\t\t\t\t\t<label for=\"form-field-ax_contacto_asunto\" class=\"elementor-field-label\">\n\t\t\t\t\t\t\t\tAsunto\t\t\t\t\t\t\t<\/label>\n\t\t\t\t\t\t\t\t\t\t\t\t\t\t<input size=\"1\" type=\"text\" name=\"form_fields[ax_contacto_asunto]\" id=\"form-field-ax_contacto_asunto\" class=\"elementor-field elementor-size-sm  elementor-field-textual\" placeholder=\"Escriba su asunto\" required=\"required\">\n\t\t\t\t\t\t\t\t\t\t\t<\/div>\n\t\t\t\t\t\t\t\t<div class=\"elementor-field-type-textarea elementor-field-group elementor-column elementor-field-group-ax_contacto_mensaje elementor-col-100 elementor-field-required elementor-mark-required\">\n\t\t\t\t\t\t\t\t\t\t\t\t<label for=\"form-field-ax_contacto_mensaje\" class=\"elementor-field-label\">\n\t\t\t\t\t\t\t\tMensaje\t\t\t\t\t\t\t<\/label>\n\t\t\t\t\t\t<textarea class=\"elementor-field-textual elementor-field  elementor-size-sm\" name=\"form_fields[ax_contacto_mensaje]\" id=\"form-field-ax_contacto_mensaje\" rows=\"4\" placeholder=\"Escribir su mensaje\" required=\"required\"><\/textarea>\t\t\t\t<\/div>\n\t\t\t\t\t\t\t\t<div class=\"elementor-field-type-recaptcha_v3 elementor-field-group elementor-column elementor-field-group-field_42cd8de elementor-col-100 recaptcha_v3-inline\">\n\t\t\t\t\t<div class=\"elementor-field\" id=\"form-field-field_42cd8de\"><div class=\"elementor-g-recaptcha\" data-sitekey=\"6LddBEArAAAAAG9tdJrbA--GEnzR5kEM-EaUXvD8\" data-type=\"v3\" data-action=\"Form\" data-badge=\"inline\" data-size=\"invisible\"><\/div><\/div>\t\t\t\t<\/div>\n\t\t\t\t\t\t\t\t<div class=\"elementor-field-group elementor-column elementor-field-type-submit elementor-col-100 e-form__buttons\">\n\t\t\t\t\t<button class=\"elementor-button elementor-size-sm\" type=\"submit\">\n\t\t\t\t\t\t<span class=\"elementor-button-content-wrapper\">\n\t\t\t\t\t\t\t\t\t\t\t\t\t\t\t\t\t\t\t\t\t\t<span class=\"elementor-button-text\">Enviar<\/span>\n\t\t\t\t\t\t\t\t\t\t\t\t\t<\/span>\n\t\t\t\t\t<\/button>\n\t\t\t\t<\/div>\n\t\t\t<\/div>\n\t\t<\/form>\n\t\t\t\t\t\t<\/div>\n\t\t\t\t<\/div>\n\t\t\t\t<div class=\"elementor-element elementor-element-0bab78b elementor-widget elementor-widget-html\" data-id=\"0bab78b\" data-element_type=\"widget\" data-e-type=\"widget\" data-widget_type=\"html.default\">\n\t\t\t\t<div class=\"elementor-widget-container\">\n\t\t\t\t\t\n <script>\ndocument.querySelectorAll('input:not([type=\"hidden\"]):not([type=\"submit\"]):not([type=\"button\"]):not([type=\"reset\"])').forEach(input => {\n  const hasLabel = document.querySelector(`label[for=\"${input.id}\"]`) || input.closest('label') || input.getAttribute('aria-label') || input.getAttribute('title');\n  if (!hasLabel) {\n    console.warn('Input sin label encontrado:', input);\n  }\n});\n\n\n <\/script>\t\t\t\t<\/div>\n\t\t\t\t<\/div>\n\t\t\t\t<\/div>\n\t\t\t\t<\/div>\n\t\t\t\t<\/div>\n\t\t<div class=\"elementor-element elementor-element-69f3ebdf e-flex e-con-boxed e-con e-parent\" data-id=\"69f3ebdf\" data-element_type=\"container\" data-e-type=\"container\">\n\t\t\t\t\t<div class=\"e-con-inner\">\n\t\t<div class=\"elementor-element elementor-element-19f02c60 e-con-full container_width_all e-flex e-con e-child\" data-id=\"19f02c60\" data-element_type=\"container\" data-e-type=\"container\">\n\t\t\t\t<div class=\"elementor-element elementor-element-7060f01 elementor-widget elementor-widget-text-editor\" data-id=\"7060f01\" data-element_type=\"widget\" data-e-type=\"widget\" id=\"ax_white_contacto_oficinas\" data-widget_type=\"text-editor.default\">\n\t\t\t\t<div class=\"elementor-widget-container\">\n\t\t\t\t\t\t\t\t\tOficinas para\ntodos\t\t\t\t\t\t\t\t<\/div>\n\t\t\t\t<\/div>\n\t\t\t\t<div class=\"elementor-element elementor-element-69363b32 elementor-widget elementor-widget-text-editor\" data-id=\"69363b32\" data-element_type=\"widget\" data-e-type=\"widget\" data-widget_type=\"text-editor.default\">\n\t\t\t\t<div class=\"elementor-widget-container\">\n\t\t\t\t\t\t\t\t\t<div class=\"deister_group_contacto_maps\">\n  <div class=\"iframe-container\"><iframe src=\"https:\/\/www.google.com\/maps\/d\/embed?mid=1mDFlyVREh1Gaa5I0uYkY2zdMU_MiGD8&#038;ehbc=2E312F\"><\/iframe><\/div>\n  <\/div>\n\n  <style>\n    .iframe-container {\n      position: relative;\n      width: 100%;\n      height: 400px;\n      overflow: hidden;\n    }\n  \n    .iframe-container iframe {\n      position: absolute;\n      left: 0;\n      right: 0;\n      top: -70px;\n      width: 100%;\n      height: 470px;\n    \n    }\n  <\/style>\t\t\t\t\t\t\t\t<\/div>\n\t\t\t\t<\/div>\n\t\t\t\t<\/div>\n\t\t\t\t\t<\/div>\n\t\t\t\t<\/div>\n\t\t<div class=\"elementor-element elementor-element-26615580 e-flex e-con-boxed e-con e-parent\" data-id=\"26615580\" data-element_type=\"container\" data-e-type=\"container\">\n\t\t\t\t\t<div class=\"e-con-inner\">\n\t\t<div class=\"elementor-element elementor-element-435fa8f1 e-con-full container_width_all e-flex e-con e-child\" data-id=\"435fa8f1\" data-element_type=\"container\" data-e-type=\"container\">\n\t\t<div class=\"elementor-element elementor-element-5473411 e-con-full e-flex e-con e-child\" data-id=\"5473411\" data-element_type=\"container\" data-e-type=\"container\">\n\t\t\t\t<div class=\"elementor-element elementor-element-37dfb2ad elementor-widget elementor-widget-text-editor\" data-id=\"37dfb2ad\" data-element_type=\"widget\" data-e-type=\"widget\" id=\"ax_white_contacto_oficina_barcelona\" data-widget_type=\"text-editor.default\">\n\t\t\t\t<div class=\"elementor-widget-container\">\n\t\t\t\t\t\t\t\t\t<p><strong>Barcelona<\/strong> C. de Sant Pere Claver 15, <br \/>Distrito de Sarri\u00e0-Sant Gervasi, 08017 Barcelona &#8211; Espa\u00f1a.<\/p>\t\t\t\t\t\t\t\t<\/div>\n\t\t\t\t<\/div>\n\t\t\t\t<div class=\"elementor-element elementor-element-236518a6 elementor-widget elementor-widget-text-editor\" data-id=\"236518a6\" data-element_type=\"widget\" data-e-type=\"widget\" id=\"ax_white_contacto_oficina_madrid\" data-widget_type=\"text-editor.default\">\n\t\t\t\t<div class=\"elementor-widget-container\">\n\t\t\t\t\t\t\t\t\t<p><strong>Madrid<\/strong> Carretera Fuencarral a Alcobendas, 14 &#8211; B, 5C Edificio Baluarte, 28049 Madrid &#8211; Espa\u00f1a.<\/p>\t\t\t\t\t\t\t\t<\/div>\n\t\t\t\t<\/div>\n\t\t\t\t<\/div>\n\t\t<div class=\"elementor-element elementor-element-803561b e-con-full e-flex e-con e-child\" data-id=\"803561b\" data-element_type=\"container\" data-e-type=\"container\">\n\t\t\t\t<div class=\"elementor-element elementor-element-3b0a86f7 elementor-widget elementor-widget-text-editor\" data-id=\"3b0a86f7\" data-element_type=\"widget\" data-e-type=\"widget\" id=\"ax_white_contacto_oficina_peru\" data-widget_type=\"text-editor.default\">\n\t\t\t\t<div class=\"elementor-widget-container\">\n\t\t\t\t\t\t\t\t\t<p><strong>Per\u00fa <\/strong>Av. Javier Prado Este 444 &#8211; piso 24, 15047, San Isidro &#8211; Per\u00fa.<\/p>\t\t\t\t\t\t\t\t<\/div>\n\t\t\t\t<\/div>\n\t\t\t\t<div class=\"elementor-element elementor-element-22ff5720 elementor-widget elementor-widget-text-editor\" data-id=\"22ff5720\" data-element_type=\"widget\" data-e-type=\"widget\" id=\"ax_white_contacto_oficina_colombia\" data-widget_type=\"text-editor.default\">\n\t\t\t\t<div class=\"elementor-widget-container\">\n\t\t\t\t\t\t\t\t\t<p><strong>Colombia<\/strong> Calle. 24d #44A-77, 111311 Bogot\u00e1 &#8211; Colombia.<\/p>\t\t\t\t\t\t\t\t<\/div>\n\t\t\t\t<\/div>\n\t\t\t\t<\/div>\n\t\t<div class=\"elementor-element elementor-element-43e3d8ee e-con-full e-flex e-con e-child\" data-id=\"43e3d8ee\" data-element_type=\"container\" data-e-type=\"container\">\n\t\t\t\t<div class=\"elementor-element elementor-element-59a0fdff elementor-widget elementor-widget-text-editor\" data-id=\"59a0fdff\" data-element_type=\"widget\" data-e-type=\"widget\" id=\"ax_white_contacto_oficina_mexico\" data-widget_type=\"text-editor.default\">\n\t\t\t\t<div class=\"elementor-widget-container\">\n\t\t\t\t\t\t\t\t\t<p><strong>M\u00e9xico<\/strong> Ciudad dce Monterrey 1280-B, 80000,<br \/>Culiac\u00e1n &#8211; Sinaloa.<\/p>\t\t\t\t\t\t\t\t<\/div>\n\t\t\t\t<\/div>\n\t\t\t\t<div class=\"elementor-element elementor-element-611448 elementor-widget elementor-widget-text-editor\" data-id=\"611448\" data-element_type=\"widget\" data-e-type=\"widget\" id=\"ax_white_contacto_oficina_pakistan\" data-widget_type=\"text-editor.default\">\n\t\t\t\t<div class=\"elementor-widget-container\">\n\t\t\t\t\t\t\t\t\t<strong>Pakist\u00e1n<\/strong> Oficina N\u00ba: 3, 4, 3rd Floor, Al-Rehman Plaza, G-11 markaz 45200 Islamabad Pakistan\t\t\t\t\t\t\t\t<\/div>\n\t\t\t\t<\/div>\n\t\t\t\t<\/div>\n\t\t\t\t<\/div>\n\t\t\t\t\t<\/div>\n\t\t\t\t<\/div>\n\t\t\t\t<\/div>\n\t\t","protected":false},"excerpt":{"rendered":"<p>Cont\u00e1ctanos +34 902 188 080 +34 932 063 298 C. de Sant Pere Claver 15, Distrito de Sarri\u00e0-Sant Gervasi, 08017 Barcelona, Espa\u00f1a. info@deister.es Haznos saber c\u00f3mo podemos ayudarte. Por favor, completa el formulario y nos pondremos en contacto contigo lo antes posible. Oficinas para todos Barcelona C. de Sant Pere Claver 15, Distrito de Sarri\u00e0-Sant [&hellip;]<\/p>\n","protected":false},"author":6,"featured_media":0,"parent":0,"menu_order":0,"comment_status":"closed","ping_status":"closed","template":"elementor_header_footer","meta":{"footnotes":""},"class_list":["post-1055","page","type-page","status-publish","hentry"],"_links":{"self":[{"href":"https:\/\/axional.net\/en\/wp-json\/wp\/v2\/pages\/1055","targetHints":{"allow":["GET"]}}],"collection":[{"href":"https:\/\/axional.net\/en\/wp-json\/wp\/v2\/pages"}],"about":[{"href":"https:\/\/axional.net\/en\/wp-json\/wp\/v2\/types\/page"}],"author":[{"embeddable":true,"href":"https:\/\/axional.net\/en\/wp-json\/wp\/v2\/users\/6"}],"replies":[{"embeddable":true,"href":"https:\/\/axional.net\/en\/wp-json\/wp\/v2\/comments?post=1055"}],"version-history":[{"count":0,"href":"https:\/\/axional.net\/en\/wp-json\/wp\/v2\/pages\/1055\/revisions"}],"wp:attachment":[{"href":"https:\/\/axional.net\/en\/wp-json\/wp\/v2\/media?parent=1055"}],"curies":[{"name":"wp","href":"https:\/\/api.w.org\/{rel}","templated":true}]}}