{"id":2087,"date":"2024-10-10T16:44:39","date_gmt":"2024-10-10T16:44:39","guid":{"rendered":"https:\/\/axionalerp.wpenginepowered.com\/?page_id=2087"},"modified":"2025-06-24T20:58:44","modified_gmt":"2025-06-24T20:58:44","slug":"ax-talleres-mecanicos","status":"publish","type":"page","link":"https:\/\/axional.net\/en\/ax-talleres-mecanicos\/","title":{"rendered":"Ax-Talleres mec\u00e1nicos"},"content":{"rendered":"<div data-elementor-type=\"wp-page\" data-elementor-id=\"2087\" class=\"elementor elementor-2087\" data-elementor-post-type=\"page\">\n\t\t\t\t<div class=\"elementor-element elementor-element-c1675cf e-flex e-con-boxed e-con e-parent\" data-id=\"c1675cf\" data-element_type=\"container\" data-e-type=\"container\" data-settings=\"{&quot;background_background&quot;:&quot;classic&quot;}\">\n\t\t\t\t\t<div class=\"e-con-inner\">\n\t\t<div class=\"elementor-element elementor-element-a5de509 e-con-full container_width_all e-flex e-con e-child\" data-id=\"a5de509\" data-element_type=\"container\" data-e-type=\"container\">\n\t\t<div class=\"elementor-element elementor-element-74eb9756 e-con-full e-flex e-con e-child\" data-id=\"74eb9756\" data-element_type=\"container\" data-e-type=\"container\">\n\t\t<div class=\"elementor-element elementor-element-64181a70 e-con-full e-flex e-con e-child\" data-id=\"64181a70\" data-element_type=\"container\" data-e-type=\"container\">\n\t\t<div class=\"elementor-element elementor-element-6056ec9c e-con-full e-flex e-con e-child\" data-id=\"6056ec9c\" data-element_type=\"container\" data-e-type=\"container\">\n\t\t\t\t<div class=\"elementor-element elementor-element-3f4b09c2 elementor-widget elementor-widget-heading\" data-id=\"3f4b09c2\" data-element_type=\"widget\" data-e-type=\"widget\" data-widget_type=\"heading.default\">\n\t\t\t\t<div class=\"elementor-widget-container\">\n\t\t\t\t\t<h1 class=\"elementor-heading-title elementor-size-default\">Mechanical workshops<\/h1>\t\t\t\t<\/div>\n\t\t\t\t<\/div>\n\t\t<div class=\"elementor-element elementor-element-76b733b1 e-con-full e-flex e-con e-child\" data-id=\"76b733b1\" data-element_type=\"container\" data-e-type=\"container\">\n\t\t\t\t<div class=\"elementor-element elementor-element-59764e79 elementor-widget elementor-widget-image\" data-id=\"59764e79\" data-element_type=\"widget\" data-e-type=\"widget\" data-widget_type=\"image.default\">\n\t\t\t\t<div class=\"elementor-widget-container\">\n\t\t\t\t\t\t\t\t\t\t\t\t\t\t\t<img decoding=\"async\" src=\"https:\/\/axional.net\/wp-content\/uploads\/2024\/10\/professional-manual-workers-repairing-car-in-mecha-2023-11-27-05-26-48-utc-scaled.jpg\" title=\"\" alt=\"Trabajadores revisando automovil\" loading=\"lazy\" \/>\t\t\t\t\t\t\t\t\t\t\t\t\t\t\t<\/div>\n\t\t\t\t<\/div>\n\t\t\t\t<\/div>\n\t\t\t\t<\/div>\n\t\t\t\t<\/div>\n\t\t\t\t<\/div>\n\t\t\t\t<\/div>\n\t\t<div class=\"elementor-element elementor-element-637b946d e-con-full container_width_all e-flex e-con e-child\" data-id=\"637b946d\" data-element_type=\"container\" data-e-type=\"container\">\n\t\t<div class=\"elementor-element elementor-element-2cd57adf e-con-full e-flex e-con e-child\" data-id=\"2cd57adf\" data-element_type=\"container\" data-e-type=\"container\">\n\t\t<div class=\"elementor-element elementor-element-19989dc6 e-con-full e-flex e-con e-child\" data-id=\"19989dc6\" data-element_type=\"container\" data-e-type=\"container\">\n\t\t\t\t<div class=\"elementor-element elementor-element-b96864d elementor-widget elementor-widget-heading\" data-id=\"b96864d\" data-element_type=\"widget\" data-e-type=\"widget\" data-widget_type=\"heading.default\">\n\t\t\t\t<div class=\"elementor-widget-container\">\n\t\t\t\t\t<h2 class=\"elementor-heading-title elementor-size-default translation-block\">Workshop <br> management<\/h2>\t\t\t\t<\/div>\n\t\t\t\t<\/div>\n\t\t\t\t<\/div>\n\t\t<div class=\"elementor-element elementor-element-3ddecc3f e-con-full e-flex e-con e-child\" data-id=\"3ddecc3f\" data-element_type=\"container\" data-e-type=\"container\">\n\t\t\t\t<div class=\"elementor-element elementor-element-4bd76ea4 elementor-widget elementor-widget-text-editor\" data-id=\"4bd76ea4\" data-element_type=\"widget\" data-e-type=\"widget\" data-widget_type=\"text-editor.default\">\n\t\t\t\t<div class=\"elementor-widget-container\">\n\t\t\t\t\t\t\t\t\tAxional ERP\/ARMIS allows managing repair workshop networks for cars, motorcycles, and industrial vehicles.\t\t\t\t\t\t\t\t<\/div>\n\t\t\t\t<\/div>\n\t\t\t\t<\/div>\n\t\t\t\t<\/div>\n\t\t<div class=\"elementor-element elementor-element-57b411 e-con-full e-flex e-con e-child\" data-id=\"57b411\" data-element_type=\"container\" data-e-type=\"container\">\n\t\t<div class=\"elementor-element elementor-element-4bf6c1a4 e-con-full e-flex e-con e-child\" data-id=\"4bf6c1a4\" data-element_type=\"container\" data-e-type=\"container\">\n\t\t\t\t<div class=\"elementor-element elementor-element-6c01405a elementor-widget elementor-widget-heading\" data-id=\"6c01405a\" data-element_type=\"widget\" data-e-type=\"widget\" data-widget_type=\"heading.default\">\n\t\t\t\t<div class=\"elementor-widget-container\">\n\t\t\t\t\t<h2 class=\"elementor-heading-title elementor-size-default translation-block\">Flexibility for <br> franchises<\/h2>\t\t\t\t<\/div>\n\t\t\t\t<\/div>\n\t\t\t\t<\/div>\n\t\t<div class=\"elementor-element elementor-element-4bd17cdd e-con-full e-flex e-con e-child\" data-id=\"4bd17cdd\" data-element_type=\"container\" data-e-type=\"container\">\n\t\t\t\t<div class=\"elementor-element elementor-element-67096b39 elementor-widget elementor-widget-text-editor\" data-id=\"67096b39\" data-element_type=\"widget\" data-e-type=\"widget\" data-widget_type=\"text-editor.default\">\n\t\t\t\t<div class=\"elementor-widget-container\">\n\t\t\t\t\t\t\t\t\tIt adapts to the degree of centralization, allowing independent management in franchised workshops in commercial and accounting areas.\n\n\t\t\t\t\t\t\t\t<\/div>\n\t\t\t\t<\/div>\n\t\t\t\t<\/div>\n\t\t\t\t<\/div>\n\t\t<div class=\"elementor-element elementor-element-68f6f9a0 e-con-full e-flex e-con e-child\" data-id=\"68f6f9a0\" data-element_type=\"container\" data-e-type=\"container\">\n\t\t<div class=\"elementor-element elementor-element-5150cac4 e-con-full e-flex e-con e-child\" data-id=\"5150cac4\" data-element_type=\"container\" data-e-type=\"container\">\n\t\t\t\t<div class=\"elementor-element elementor-element-72fdab96 elementor-widget elementor-widget-heading\" data-id=\"72fdab96\" data-element_type=\"widget\" data-e-type=\"widget\" data-widget_type=\"heading.default\">\n\t\t\t\t<div class=\"elementor-widget-container\">\n\t\t\t\t\t<h2 class=\"elementor-heading-title elementor-size-default translation-block\">Data <br> centralization<\/h2>\t\t\t\t<\/div>\n\t\t\t\t<\/div>\n\t\t\t\t<\/div>\n\t\t<div class=\"elementor-element elementor-element-4387b8c3 e-con-full e-flex e-con e-child\" data-id=\"4387b8c3\" data-element_type=\"container\" data-e-type=\"container\">\n\t\t\t\t<div class=\"elementor-element elementor-element-a95b655 elementor-widget elementor-widget-text-editor\" data-id=\"a95b655\" data-element_type=\"widget\" data-e-type=\"widget\" data-widget_type=\"text-editor.default\">\n\t\t\t\t<div class=\"elementor-widget-container\">\n\t\t\t\t\t\t\t\t\tFacilitates centralized maintenance of master data, reducing duplications and errors, and accelerating information availability.\t\t\t\t\t\t\t\t<\/div>\n\t\t\t\t<\/div>\n\t\t\t\t<\/div>\n\t\t\t\t<\/div>\n\t\t\t\t<\/div>\n\t\t<div class=\"elementor-element elementor-element-30966c48 e-con-full container_width_all e-flex e-con e-child\" data-id=\"30966c48\" data-element_type=\"container\" data-e-type=\"container\">\n\t\t<div class=\"elementor-element elementor-element-1be6ca39 e-con-full e-flex e-con e-child\" data-id=\"1be6ca39\" data-element_type=\"container\" data-e-type=\"container\">\n\t\t<div class=\"elementor-element elementor-element-60e88c1c e-con-full e-flex e-con e-child\" data-id=\"60e88c1c\" data-element_type=\"container\" data-e-type=\"container\">\n\t\t\t\t<div class=\"elementor-element elementor-element-30cb9905 elementor-widget elementor-widget-heading\" data-id=\"30cb9905\" data-element_type=\"widget\" data-e-type=\"widget\" data-widget_type=\"heading.default\">\n\t\t\t\t<div class=\"elementor-widget-container\">\n\t\t\t\t\t<h2 class=\"elementor-heading-title elementor-size-default translation-block\">Point of sale <br> terminal<\/h2>\t\t\t\t<\/div>\n\t\t\t\t<\/div>\n\t\t\t\t<\/div>\n\t\t<div class=\"elementor-element elementor-element-32a379d8 e-con-full e-flex e-con e-child\" data-id=\"32a379d8\" data-element_type=\"container\" data-e-type=\"container\">\n\t\t\t\t<div class=\"elementor-element elementor-element-5b1f9098 elementor-widget elementor-widget-text-editor\" data-id=\"5b1f9098\" data-element_type=\"widget\" data-e-type=\"widget\" data-widget_type=\"text-editor.default\">\n\t\t\t\t<div class=\"elementor-widget-container\">\n\t\t\t\t\t\t\t\t\tOptimize critical actions with a POS specific to the sector, integrated with Axional ERP for automation and data management.\t\t\t\t\t\t\t\t<\/div>\n\t\t\t\t<\/div>\n\t\t\t\t<\/div>\n\t\t\t\t<\/div>\n\t\t<div class=\"elementor-element elementor-element-6d36083 e-con-full e-flex e-con e-child\" data-id=\"6d36083\" data-element_type=\"container\" data-e-type=\"container\">\n\t\t<div class=\"elementor-element elementor-element-8edef98 e-con-full e-flex e-con e-child\" data-id=\"8edef98\" data-element_type=\"container\" data-e-type=\"container\">\n\t\t\t\t<div class=\"elementor-element elementor-element-53fa3880 elementor-widget elementor-widget-heading\" data-id=\"53fa3880\" data-element_type=\"widget\" data-e-type=\"widget\" data-widget_type=\"heading.default\">\n\t\t\t\t<div class=\"elementor-widget-container\">\n\t\t\t\t\t<h2 class=\"elementor-heading-title elementor-size-default translation-block\">POS <br> functionalities<\/h2>\t\t\t\t<\/div>\n\t\t\t\t<\/div>\n\t\t\t\t<\/div>\n\t\t<div class=\"elementor-element elementor-element-310fc4b5 e-con-full e-flex e-con e-child\" data-id=\"310fc4b5\" data-element_type=\"container\" data-e-type=\"container\">\n\t\t\t\t<div class=\"elementor-element elementor-element-1c66f3a9 elementor-widget elementor-widget-text-editor\" data-id=\"1c66f3a9\" data-element_type=\"widget\" data-e-type=\"widget\" data-widget_type=\"text-editor.default\">\n\t\t\t\t<div class=\"elementor-widget-container\">\n\t\t\t\t\t\t\t\t\tManages budgets, repair orders, productivity control, advances, collections, and commercial data queries.\t\t\t\t\t\t\t\t<\/div>\n\t\t\t\t<\/div>\n\t\t\t\t<\/div>\n\t\t\t\t<\/div>\n\t\t<div class=\"elementor-element elementor-element-17d7d651 e-con-full e-flex e-con e-child\" data-id=\"17d7d651\" data-element_type=\"container\" data-e-type=\"container\">\n\t\t<div class=\"elementor-element elementor-element-50152a5 e-con-full e-flex e-con e-child\" data-id=\"50152a5\" data-element_type=\"container\" data-e-type=\"container\">\n\t\t\t\t<div class=\"elementor-element elementor-element-4a6f80d4 elementor-widget elementor-widget-heading\" data-id=\"4a6f80d4\" data-element_type=\"widget\" data-e-type=\"widget\" data-widget_type=\"heading.default\">\n\t\t\t\t<div class=\"elementor-widget-container\">\n\t\t\t\t\t<h2 class=\"elementor-heading-title elementor-size-default translation-block\">Security on the <br> platform<\/h2>\t\t\t\t<\/div>\n\t\t\t\t<\/div>\n\t\t\t\t<\/div>\n\t\t<div class=\"elementor-element elementor-element-38f24c65 e-con-full e-flex e-con e-child\" data-id=\"38f24c65\" data-element_type=\"container\" data-e-type=\"container\">\n\t\t\t\t<div class=\"elementor-element elementor-element-4fce448b elementor-widget elementor-widget-text-editor\" data-id=\"4fce448b\" data-element_type=\"widget\" data-e-type=\"widget\" data-widget_type=\"text-editor.default\">\n\t\t\t\t<div class=\"elementor-widget-container\">\n\t\t\t\t\t\t\t\t\tThe individual management of each workshop is guaranteed with the security features of Axional Studio.\t\t\t\t\t\t\t\t<\/div>\n\t\t\t\t<\/div>\n\t\t\t\t<\/div>\n\t\t\t\t<\/div>\n\t\t\t\t<\/div>\n\t\t<div class=\"elementor-element elementor-element-223fdef4 e-con-full container_width_all e-flex e-con e-child\" data-id=\"223fdef4\" data-element_type=\"container\" data-e-type=\"container\">\n\t\t\t\t<\/div>\n\t\t\t\t\t<\/div>\n\t\t\t\t<\/div>\n\t\t\t\t<\/div>","protected":false},"excerpt":{"rendered":"<p>Talleres mec\u00e1nicos Gesti\u00f3n de talleres Axional ERP\/ARMIS permite gestionar redes de talleres de reparaci\u00f3n para autom\u00f3viles, motocicletas y veh\u00edculos industriales. Flexibilidad para franquicias Se adapta al grado de centralizaci\u00f3n, permitiendo gesti\u00f3n independiente en talleres franquiciados en \u00e1reas comerciales y contables. Centralizaci\u00f3n de datos Facilita el mantenimiento centralizado de datos maestros, reduciendo duplicidades y errores, y [&hellip;]<\/p>\n","protected":false},"author":4,"featured_media":0,"parent":0,"menu_order":0,"comment_status":"closed","ping_status":"closed","template":"","meta":{"footnotes":""},"class_list":["post-2087","page","type-page","status-publish","hentry"],"_links":{"self":[{"href":"https:\/\/axional.net\/en\/wp-json\/wp\/v2\/pages\/2087","targetHints":{"allow":["GET"]}}],"collection":[{"href":"https:\/\/axional.net\/en\/wp-json\/wp\/v2\/pages"}],"about":[{"href":"https:\/\/axional.net\/en\/wp-json\/wp\/v2\/types\/page"}],"author":[{"embeddable":true,"href":"https:\/\/axional.net\/en\/wp-json\/wp\/v2\/users\/4"}],"replies":[{"embeddable":true,"href":"https:\/\/axional.net\/en\/wp-json\/wp\/v2\/comments?post=2087"}],"version-history":[{"count":0,"href":"https:\/\/axional.net\/en\/wp-json\/wp\/v2\/pages\/2087\/revisions"}],"wp:attachment":[{"href":"https:\/\/axional.net\/en\/wp-json\/wp\/v2\/media?parent=2087"}],"curies":[{"name":"wp","href":"https:\/\/api.w.org\/{rel}","templated":true}]}}